{"id":810,"date":"2023-05-09T13:31:13","date_gmt":"2023-05-09T11:31:13","guid":{"rendered":"https:\/\/szekelyfa.hu\/?page_id=810"},"modified":"2023-05-12T12:25:49","modified_gmt":"2023-05-12T10:25:49","slug":"fafaragas","status":"publish","type":"page","link":"https:\/\/szekelyfa.hu\/index.php\/fafaragas\/","title":{"rendered":"Fafarag\u00e1s"},"content":{"rendered":"\t\t<div data-elementor-type=\"wp-page\" data-elementor-id=\"810\" class=\"elementor elementor-810\">\n\t\t\t\t\t\t<section class=\"elementor-section elementor-top-section elementor-element elementor-element-57d5bf0a elementor-section-boxed elementor-section-height-default elementor-section-height-default\" data-id=\"57d5bf0a\" data-element_type=\"section\" data-e-type=\"section\">\n\t\t\t\t\t\t<div class=\"elementor-container elementor-column-gap-default\">\n\t\t\t\t\t<div class=\"elementor-column elementor-col-100 elementor-top-column elementor-element elementor-element-462ed8ce\" data-id=\"462ed8ce\" data-element_type=\"column\" data-e-type=\"column\">\n\t\t\t<div class=\"elementor-widget-wrap elementor-element-populated\">\n\t\t\t\t\t\t<div class=\"elementor-element elementor-element-3bb99018 elementor-widget elementor-widget-text-editor\" data-id=\"3bb99018\" data-element_type=\"widget\" data-e-type=\"widget\" data-widget_type=\"text-editor.default\">\n\t\t\t\t<div class=\"elementor-widget-container\">\n\t\t\t\t\t\t\t\t\t<p><\/p>\n<p>Faragott b\u00fatorokr\u00f3l egy kis szeml\u00e9ltet\u0151.<\/p>\n<p><\/p>\t\t\t\t\t\t\t\t<\/div>\n\t\t\t\t<\/div>\n\t\t\t\t\t<\/div>\n\t\t<\/div>\n\t\t\t\t\t<\/div>\n\t\t<\/section>\n\t\t\t\t<section class=\"elementor-section elementor-top-section elementor-element elementor-element-15d8c45 elementor-section-boxed elementor-section-height-default elementor-section-height-default\" data-id=\"15d8c45\" data-element_type=\"section\" data-e-type=\"section\">\n\t\t\t\t\t\t<div class=\"elementor-container elementor-column-gap-default\">\n\t\t\t\t\t<div class=\"elementor-column elementor-col-100 elementor-top-column elementor-element elementor-element-25552cf\" data-id=\"25552cf\" data-element_type=\"column\" data-e-type=\"column\">\n\t\t\t<div class=\"elementor-widget-wrap elementor-element-populated\">\n\t\t\t\t\t\t<div class=\"elementor-element elementor-element-74197a6 elementor-widget elementor-widget-image-gallery\" data-id=\"74197a6\" data-element_type=\"widget\" data-e-type=\"widget\" data-widget_type=\"image-gallery.default\">\n\t\t\t\t<div class=\"elementor-widget-container\">\n\t\t\t\t\t\t\t<div class=\"elementor-image-gallery\">\n\t\t\t<div id='gallery-1' class='gallery galleryid-810 gallery-columns-3 gallery-size-thumbnail'><figure class='gallery-item'>\n\t\t\t<div class='gallery-icon landscape'>\n\t\t\t\t<a data-elementor-open-lightbox=\"yes\" data-elementor-lightbox-slideshow=\"74197a6\" data-elementor-lightbox-title=\"346104480_1051063376302308_6441752481209757031_n\" data-e-action-hash=\"#elementor-action%3Aaction%3Dlightbox%26settings%3DeyJpZCI6OTI3LCJ1cmwiOiJodHRwczpcL1wvc3pla2VseWZhLmh1XC93cC1jb250ZW50XC91cGxvYWRzXC8yMDIzXC8wNVwvMzQ2MTA0NDgwXzEwNTEwNjMzNzYzMDIzMDhfNjQ0MTc1MjQ4MTIwOTc1NzAzMV9uLmpwZyIsInNsaWRlc2hvdyI6Ijc0MTk3YTYifQ%3D%3D\" href='https:\/\/szekelyfa.hu\/wp-content\/uploads\/2023\/05\/346104480_1051063376302308_6441752481209757031_n.jpg'><img decoding=\"async\" width=\"150\" height=\"150\" src=\"https:\/\/szekelyfa.hu\/wp-content\/uploads\/2023\/05\/346104480_1051063376302308_6441752481209757031_n-150x150.jpg\" class=\"attachment-thumbnail size-thumbnail\" alt=\"\" \/><\/a>\n\t\t\t<\/div><\/figure><figure class='gallery-item'>\n\t\t\t<div class='gallery-icon landscape'>\n\t\t\t\t<a data-elementor-open-lightbox=\"yes\" data-elementor-lightbox-slideshow=\"74197a6\" data-elementor-lightbox-title=\"346102828_1482960502237295_1678436146278607147_n\" data-e-action-hash=\"#elementor-action%3Aaction%3Dlightbox%26settings%3DeyJpZCI6OTI2LCJ1cmwiOiJodHRwczpcL1wvc3pla2VseWZhLmh1XC93cC1jb250ZW50XC91cGxvYWRzXC8yMDIzXC8wNVwvMzQ2MTAyODI4XzE0ODI5NjA1MDIyMzcyOTVfMTY3ODQzNjE0NjI3ODYwNzE0N19uLmpwZyIsInNsaWRlc2hvdyI6Ijc0MTk3YTYifQ%3D%3D\" href='https:\/\/szekelyfa.hu\/wp-content\/uploads\/2023\/05\/346102828_1482960502237295_1678436146278607147_n.jpg'><img decoding=\"async\" width=\"150\" height=\"150\" src=\"https:\/\/szekelyfa.hu\/wp-content\/uploads\/2023\/05\/346102828_1482960502237295_1678436146278607147_n-150x150.jpg\" class=\"attachment-thumbnail size-thumbnail\" alt=\"\" \/><\/a>\n\t\t\t<\/div><\/figure><figure class='gallery-item'>\n\t\t\t<div class='gallery-icon landscape'>\n\t\t\t\t<a data-elementor-open-lightbox=\"yes\" data-elementor-lightbox-slideshow=\"74197a6\" data-elementor-lightbox-title=\"346100078_792218798774703_782926345344017876_n\" data-e-action-hash=\"#elementor-action%3Aaction%3Dlightbox%26settings%3DeyJpZCI6OTI1LCJ1cmwiOiJodHRwczpcL1wvc3pla2VseWZhLmh1XC93cC1jb250ZW50XC91cGxvYWRzXC8yMDIzXC8wNVwvMzQ2MTAwMDc4Xzc5MjIxODc5ODc3NDcwM183ODI5MjYzNDUzNDQwMTc4NzZfbi5qcGciLCJzbGlkZXNob3ciOiI3NDE5N2E2In0%3D\" href='https:\/\/szekelyfa.hu\/wp-content\/uploads\/2023\/05\/346100078_792218798774703_782926345344017876_n.jpg'><img decoding=\"async\" width=\"150\" height=\"150\" src=\"https:\/\/szekelyfa.hu\/wp-content\/uploads\/2023\/05\/346100078_792218798774703_782926345344017876_n-150x150.jpg\" class=\"attachment-thumbnail size-thumbnail\" alt=\"\" \/><\/a>\n\t\t\t<\/div><\/figure><figure class='gallery-item'>\n\t\t\t<div class='gallery-icon landscape'>\n\t\t\t\t<a data-elementor-open-lightbox=\"yes\" data-elementor-lightbox-slideshow=\"74197a6\" data-elementor-lightbox-title=\"346099970_626006072752681_5124867623690652809_n\" data-e-action-hash=\"#elementor-action%3Aaction%3Dlightbox%26settings%3DeyJpZCI6OTI0LCJ1cmwiOiJodHRwczpcL1wvc3pla2VseWZhLmh1XC93cC1jb250ZW50XC91cGxvYWRzXC8yMDIzXC8wNVwvMzQ2MDk5OTcwXzYyNjAwNjA3Mjc1MjY4MV81MTI0ODY3NjIzNjkwNjUyODA5X24uanBnIiwic2xpZGVzaG93IjoiNzQxOTdhNiJ9\" href='https:\/\/szekelyfa.hu\/wp-content\/uploads\/2023\/05\/346099970_626006072752681_5124867623690652809_n.jpg'><img loading=\"lazy\" decoding=\"async\" width=\"150\" height=\"150\" src=\"https:\/\/szekelyfa.hu\/wp-content\/uploads\/2023\/05\/346099970_626006072752681_5124867623690652809_n-150x150.jpg\" class=\"attachment-thumbnail size-thumbnail\" alt=\"\" \/><\/a>\n\t\t\t<\/div><\/figure><figure class='gallery-item'>\n\t\t\t<div class='gallery-icon landscape'>\n\t\t\t\t<a data-elementor-open-lightbox=\"yes\" data-elementor-lightbox-slideshow=\"74197a6\" data-elementor-lightbox-title=\"346099722_640644614571238_8524964777252993478_n\" data-e-action-hash=\"#elementor-action%3Aaction%3Dlightbox%26settings%3DeyJpZCI6OTIzLCJ1cmwiOiJodHRwczpcL1wvc3pla2VseWZhLmh1XC93cC1jb250ZW50XC91cGxvYWRzXC8yMDIzXC8wNVwvMzQ2MDk5NzIyXzY0MDY0NDYxNDU3MTIzOF84NTI0OTY0Nzc3MjUyOTkzNDc4X24uanBnIiwic2xpZGVzaG93IjoiNzQxOTdhNiJ9\" href='https:\/\/szekelyfa.hu\/wp-content\/uploads\/2023\/05\/346099722_640644614571238_8524964777252993478_n.jpg'><img loading=\"lazy\" decoding=\"async\" width=\"150\" height=\"150\" src=\"https:\/\/szekelyfa.hu\/wp-content\/uploads\/2023\/05\/346099722_640644614571238_8524964777252993478_n-150x150.jpg\" class=\"attachment-thumbnail size-thumbnail\" alt=\"\" srcset=\"https:\/\/szekelyfa.hu\/wp-content\/uploads\/2023\/05\/346099722_640644614571238_8524964777252993478_n-150x150.jpg 150w, https:\/\/szekelyfa.hu\/wp-content\/uploads\/2023\/05\/346099722_640644614571238_8524964777252993478_n-300x300.jpg 300w, https:\/\/szekelyfa.hu\/wp-content\/uploads\/2023\/05\/346099722_640644614571238_8524964777252993478_n-1024x1024.jpg 1024w, https:\/\/szekelyfa.hu\/wp-content\/uploads\/2023\/05\/346099722_640644614571238_8524964777252993478_n-768x768.jpg 768w, https:\/\/szekelyfa.hu\/wp-content\/uploads\/2023\/05\/346099722_640644614571238_8524964777252993478_n-1536x1536.jpg 1536w, https:\/\/szekelyfa.hu\/wp-content\/uploads\/2023\/05\/346099722_640644614571238_8524964777252993478_n-1000x1000.jpg 1000w, https:\/\/szekelyfa.hu\/wp-content\/uploads\/2023\/05\/346099722_640644614571238_8524964777252993478_n-230x230.jpg 230w, https:\/\/szekelyfa.hu\/wp-content\/uploads\/2023\/05\/346099722_640644614571238_8524964777252993478_n-350x350.jpg 350w, https:\/\/szekelyfa.hu\/wp-content\/uploads\/2023\/05\/346099722_640644614571238_8524964777252993478_n-480x480.jpg 480w, https:\/\/szekelyfa.hu\/wp-content\/uploads\/2023\/05\/346099722_640644614571238_8524964777252993478_n.jpg 2048w\" sizes=\"(max-width: 150px) 100vw, 150px\" \/><\/a>\n\t\t\t<\/div><\/figure><figure class='gallery-item'>\n\t\t\t<div class='gallery-icon portrait'>\n\t\t\t\t<a data-elementor-open-lightbox=\"yes\" data-elementor-lightbox-slideshow=\"74197a6\" data-elementor-lightbox-title=\"346098609_1027475978233120_8275621211429233060_n\" data-e-action-hash=\"#elementor-action%3Aaction%3Dlightbox%26settings%3DeyJpZCI6OTIyLCJ1cmwiOiJodHRwczpcL1wvc3pla2VseWZhLmh1XC93cC1jb250ZW50XC91cGxvYWRzXC8yMDIzXC8wNVwvMzQ2MDk4NjA5XzEwMjc0NzU5NzgyMzMxMjBfODI3NTYyMTIxMTQyOTIzMzA2MF9uLmpwZyIsInNsaWRlc2hvdyI6Ijc0MTk3YTYifQ%3D%3D\" href='https:\/\/szekelyfa.hu\/wp-content\/uploads\/2023\/05\/346098609_1027475978233120_8275621211429233060_n.jpg'><img loading=\"lazy\" decoding=\"async\" width=\"150\" height=\"150\" src=\"https:\/\/szekelyfa.hu\/wp-content\/uploads\/2023\/05\/346098609_1027475978233120_8275621211429233060_n-150x150.jpg\" class=\"attachment-thumbnail size-thumbnail\" alt=\"\" \/><\/a>\n\t\t\t<\/div><\/figure><figure class='gallery-item'>\n\t\t\t<div class='gallery-icon portrait'>\n\t\t\t\t<a data-elementor-open-lightbox=\"yes\" data-elementor-lightbox-slideshow=\"74197a6\" data-elementor-lightbox-title=\"346098285_1755398421523853_1157540472464237201_n\" data-e-action-hash=\"#elementor-action%3Aaction%3Dlightbox%26settings%3DeyJpZCI6OTIxLCJ1cmwiOiJodHRwczpcL1wvc3pla2VseWZhLmh1XC93cC1jb250ZW50XC91cGxvYWRzXC8yMDIzXC8wNVwvMzQ2MDk4Mjg1XzE3NTUzOTg0MjE1MjM4NTNfMTE1NzU0MDQ3MjQ2NDIzNzIwMV9uLmpwZyIsInNsaWRlc2hvdyI6Ijc0MTk3YTYifQ%3D%3D\" href='https:\/\/szekelyfa.hu\/wp-content\/uploads\/2023\/05\/346098285_1755398421523853_1157540472464237201_n.jpg'><img loading=\"lazy\" decoding=\"async\" width=\"150\" height=\"150\" src=\"https:\/\/szekelyfa.hu\/wp-content\/uploads\/2023\/05\/346098285_1755398421523853_1157540472464237201_n-150x150.jpg\" class=\"attachment-thumbnail size-thumbnail\" alt=\"\" \/><\/a>\n\t\t\t<\/div><\/figure><figure class='gallery-item'>\n\t\t\t<div class='gallery-icon landscape'>\n\t\t\t\t<a data-elementor-open-lightbox=\"yes\" data-elementor-lightbox-slideshow=\"74197a6\" data-elementor-lightbox-title=\"346098029_920950522512585_4532707296223842078_n\" data-e-action-hash=\"#elementor-action%3Aaction%3Dlightbox%26settings%3DeyJpZCI6OTIwLCJ1cmwiOiJodHRwczpcL1wvc3pla2VseWZhLmh1XC93cC1jb250ZW50XC91cGxvYWRzXC8yMDIzXC8wNVwvMzQ2MDk4MDI5XzkyMDk1MDUyMjUxMjU4NV80NTMyNzA3Mjk2MjIzODQyMDc4X24uanBnIiwic2xpZGVzaG93IjoiNzQxOTdhNiJ9\" href='https:\/\/szekelyfa.hu\/wp-content\/uploads\/2023\/05\/346098029_920950522512585_4532707296223842078_n.jpg'><img loading=\"lazy\" decoding=\"async\" width=\"150\" height=\"150\" src=\"https:\/\/szekelyfa.hu\/wp-content\/uploads\/2023\/05\/346098029_920950522512585_4532707296223842078_n-150x150.jpg\" class=\"attachment-thumbnail size-thumbnail\" alt=\"\" \/><\/a>\n\t\t\t<\/div><\/figure><figure class='gallery-item'>\n\t\t\t<div class='gallery-icon landscape'>\n\t\t\t\t<a data-elementor-open-lightbox=\"yes\" data-elementor-lightbox-slideshow=\"74197a6\" data-elementor-lightbox-title=\"334076540_874841910240833_8411396962708355768_n\" data-e-action-hash=\"#elementor-action%3Aaction%3Dlightbox%26settings%3DeyJpZCI6OTE5LCJ1cmwiOiJodHRwczpcL1wvc3pla2VseWZhLmh1XC93cC1jb250ZW50XC91cGxvYWRzXC8yMDIzXC8wNVwvMzM0MDc2NTQwXzg3NDg0MTkxMDI0MDgzM184NDExMzk2OTYyNzA4MzU1NzY4X24uanBnIiwic2xpZGVzaG93IjoiNzQxOTdhNiJ9\" href='https:\/\/szekelyfa.hu\/wp-content\/uploads\/2023\/05\/334076540_874841910240833_8411396962708355768_n.jpg'><img loading=\"lazy\" decoding=\"async\" width=\"150\" height=\"150\" src=\"https:\/\/szekelyfa.hu\/wp-content\/uploads\/2023\/05\/334076540_874841910240833_8411396962708355768_n-150x150.jpg\" class=\"attachment-thumbnail size-thumbnail\" alt=\"\" \/><\/a>\n\t\t\t<\/div><\/figure>\n\t\t<\/div>\n\t\t<\/div>\n\t\t\t\t\t\t<\/div>\n\t\t\t\t<\/div>\n\t\t\t\t\t<\/div>\n\t\t<\/div>\n\t\t\t\t\t<\/div>\n\t\t<\/section>\n\t\t\t\t<\/div>\n\t\t","protected":false},"excerpt":{"rendered":"<p>Faragott b\u00fatorokr\u00f3l egy kis szeml\u00e9ltet\u0151.<\/p>\n","protected":false},"author":1,"featured_media":0,"parent":0,"menu_order":0,"comment_status":"closed","ping_status":"closed","template":"","meta":{"_monsterinsights_skip_tracking":false,"_monsterinsights_sitenote_active":false,"_monsterinsights_sitenote_note":"","_monsterinsights_sitenote_category":0,"footnotes":""},"class_list":["post-810","page","type-page","status-publish","hentry"],"_links":{"self":[{"href":"https:\/\/szekelyfa.hu\/index.php\/wp-json\/wp\/v2\/pages\/810","targetHints":{"allow":["GET"]}}],"collection":[{"href":"https:\/\/szekelyfa.hu\/index.php\/wp-json\/wp\/v2\/pages"}],"about":[{"href":"https:\/\/szekelyfa.hu\/index.php\/wp-json\/wp\/v2\/types\/page"}],"author":[{"embeddable":true,"href":"https:\/\/szekelyfa.hu\/index.php\/wp-json\/wp\/v2\/users\/1"}],"replies":[{"embeddable":true,"href":"https:\/\/szekelyfa.hu\/index.php\/wp-json\/wp\/v2\/comments?post=810"}],"version-history":[{"count":8,"href":"https:\/\/szekelyfa.hu\/index.php\/wp-json\/wp\/v2\/pages\/810\/revisions"}],"predecessor-version":[{"id":933,"href":"https:\/\/szekelyfa.hu\/index.php\/wp-json\/wp\/v2\/pages\/810\/revisions\/933"}],"wp:attachment":[{"href":"https:\/\/szekelyfa.hu\/index.php\/wp-json\/wp\/v2\/media?parent=810"}],"curies":[{"name":"wp","href":"https:\/\/api.w.org\/{rel}","templated":true}]}}