{"id":809,"date":"2023-05-09T13:31:13","date_gmt":"2023-05-09T11:31:13","guid":{"rendered":"https:\/\/szekelyfa.hu\/?page_id=809"},"modified":"2023-05-13T07:24:56","modified_gmt":"2023-05-13T05:24:56","slug":"bdsm-butorok","status":"publish","type":"page","link":"https:\/\/szekelyfa.hu\/index.php\/bdsm-butorok\/","title":{"rendered":"BDSM b\u00fatorok"},"content":{"rendered":"\t\t<div data-elementor-type=\"wp-page\" data-elementor-id=\"809\" class=\"elementor elementor-809\">\n\t\t\t\t\t\t<section class=\"elementor-section elementor-top-section elementor-element elementor-element-5d05a495 elementor-section-boxed elementor-section-height-default elementor-section-height-default\" data-id=\"5d05a495\" data-element_type=\"section\" data-e-type=\"section\">\n\t\t\t\t\t\t<div class=\"elementor-container elementor-column-gap-default\">\n\t\t\t\t\t<div class=\"elementor-column elementor-col-100 elementor-top-column elementor-element elementor-element-7245306b\" data-id=\"7245306b\" data-element_type=\"column\" data-e-type=\"column\">\n\t\t\t<div class=\"elementor-widget-wrap elementor-element-populated\">\n\t\t\t\t\t\t<div class=\"elementor-element elementor-element-65a8a092 elementor-widget elementor-widget-text-editor\" data-id=\"65a8a092\" data-element_type=\"widget\" data-e-type=\"widget\" data-widget_type=\"text-editor.default\">\n\t\t\t\t<div class=\"elementor-widget-container\">\n\t\t\t\t\t\t\t\t\t\n<p>BDSM b\u00fatorainkr\u00f3l egy-k\u00e9t p\u00e9lda \u00e9rt\u00e9k\u0171 k\u00e9p.<\/p>\n\n<figure class=\"wp-block-gallery has-nested-images columns-default is-cropped wp-block-gallery-2 is-layout-flex wp-block-gallery-is-layout-flex\"><\/figure>\n\t\t\t\t\t\t\t\t<\/div>\n\t\t\t\t<\/div>\n\t\t\t\t\t<\/div>\n\t\t<\/div>\n\t\t\t\t\t<\/div>\n\t\t<\/section>\n\t\t\t\t<section class=\"elementor-section elementor-top-section elementor-element elementor-element-f019377 elementor-section-boxed elementor-section-height-default elementor-section-height-default\" data-id=\"f019377\" data-element_type=\"section\" data-e-type=\"section\">\n\t\t\t\t\t\t<div class=\"elementor-container elementor-column-gap-default\">\n\t\t\t\t\t<div class=\"elementor-column elementor-col-100 elementor-top-column elementor-element elementor-element-e547e5c\" data-id=\"e547e5c\" data-element_type=\"column\" data-e-type=\"column\">\n\t\t\t<div class=\"elementor-widget-wrap elementor-element-populated\">\n\t\t\t\t\t\t<div class=\"elementor-element elementor-element-bc7d1a2 elementor-widget elementor-widget-image-gallery\" data-id=\"bc7d1a2\" data-element_type=\"widget\" data-e-type=\"widget\" data-widget_type=\"image-gallery.default\">\n\t\t\t\t<div class=\"elementor-widget-container\">\n\t\t\t\t\t\t\t<div class=\"elementor-image-gallery\">\n\t\t\t<div id='gallery-1' class='gallery galleryid-809 gallery-columns-3 gallery-size-thumbnail'><figure class='gallery-item'>\n\t\t\t<div class='gallery-icon landscape'>\n\t\t\t\t<a data-elementor-open-lightbox=\"yes\" data-elementor-lightbox-slideshow=\"bc7d1a2\" data-elementor-lightbox-title=\"345464953_264524185993549_6727325576698828133_n\" data-e-action-hash=\"#elementor-action%3Aaction%3Dlightbox%26settings%3DeyJpZCI6ODI4LCJ1cmwiOiJodHRwczpcL1wvc3pla2VseWZhLmh1XC93cC1jb250ZW50XC91cGxvYWRzXC8yMDIzXC8wNVwvMzQ1NDY0OTUzXzI2NDUyNDE4NTk5MzU0OV82NzI3MzI1NTc2Njk4ODI4MTMzX24uanBnIiwic2xpZGVzaG93IjoiYmM3ZDFhMiJ9\" href='https:\/\/szekelyfa.hu\/wp-content\/uploads\/2023\/05\/345464953_264524185993549_6727325576698828133_n.jpg'><img decoding=\"async\" width=\"150\" height=\"150\" src=\"https:\/\/szekelyfa.hu\/wp-content\/uploads\/2023\/05\/345464953_264524185993549_6727325576698828133_n-150x150.jpg\" class=\"attachment-thumbnail size-thumbnail\" alt=\"\" \/><\/a>\n\t\t\t<\/div><\/figure><figure class='gallery-item'>\n\t\t\t<div class='gallery-icon landscape'>\n\t\t\t\t<a data-elementor-open-lightbox=\"yes\" data-elementor-lightbox-slideshow=\"bc7d1a2\" data-elementor-lightbox-title=\"345314466_915744592811312_943653478748616844_n\" data-e-action-hash=\"#elementor-action%3Aaction%3Dlightbox%26settings%3DeyJpZCI6ODI3LCJ1cmwiOiJodHRwczpcL1wvc3pla2VseWZhLmh1XC93cC1jb250ZW50XC91cGxvYWRzXC8yMDIzXC8wNVwvMzQ1MzE0NDY2XzkxNTc0NDU5MjgxMTMxMl85NDM2NTM0Nzg3NDg2MTY4NDRfbi5qcGciLCJzbGlkZXNob3ciOiJiYzdkMWEyIn0%3D\" href='https:\/\/szekelyfa.hu\/wp-content\/uploads\/2023\/05\/345314466_915744592811312_943653478748616844_n.jpg'><img decoding=\"async\" width=\"150\" height=\"150\" src=\"https:\/\/szekelyfa.hu\/wp-content\/uploads\/2023\/05\/345314466_915744592811312_943653478748616844_n-150x150.jpg\" class=\"attachment-thumbnail size-thumbnail\" alt=\"\" \/><\/a>\n\t\t\t<\/div><\/figure><figure class='gallery-item'>\n\t\t\t<div class='gallery-icon landscape'>\n\t\t\t\t<a data-elementor-open-lightbox=\"yes\" data-elementor-lightbox-slideshow=\"bc7d1a2\" data-elementor-lightbox-title=\"345266874_6302305286482346_4704916589673480416_n\" data-e-action-hash=\"#elementor-action%3Aaction%3Dlightbox%26settings%3DeyJpZCI6ODI2LCJ1cmwiOiJodHRwczpcL1wvc3pla2VseWZhLmh1XC93cC1jb250ZW50XC91cGxvYWRzXC8yMDIzXC8wNVwvMzQ1MjY2ODc0XzYzMDIzMDUyODY0ODIzNDZfNDcwNDkxNjU4OTY3MzQ4MDQxNl9uLmpwZyIsInNsaWRlc2hvdyI6ImJjN2QxYTIifQ%3D%3D\" href='https:\/\/szekelyfa.hu\/wp-content\/uploads\/2023\/05\/345266874_6302305286482346_4704916589673480416_n.jpg'><img decoding=\"async\" width=\"150\" height=\"150\" src=\"https:\/\/szekelyfa.hu\/wp-content\/uploads\/2023\/05\/345266874_6302305286482346_4704916589673480416_n-150x150.jpg\" class=\"attachment-thumbnail size-thumbnail\" alt=\"\" \/><\/a>\n\t\t\t<\/div><\/figure><figure class='gallery-item'>\n\t\t\t<div class='gallery-icon portrait'>\n\t\t\t\t<a data-elementor-open-lightbox=\"yes\" data-elementor-lightbox-slideshow=\"bc7d1a2\" data-elementor-lightbox-title=\"330109607_2082172135286591_1153913898865528558_n\" data-e-action-hash=\"#elementor-action%3Aaction%3Dlightbox%26settings%3DeyJpZCI6ODI1LCJ1cmwiOiJodHRwczpcL1wvc3pla2VseWZhLmh1XC93cC1jb250ZW50XC91cGxvYWRzXC8yMDIzXC8wNVwvMzMwMTA5NjA3XzIwODIxNzIxMzUyODY1OTFfMTE1MzkxMzg5ODg2NTUyODU1OF9uLmpwZyIsInNsaWRlc2hvdyI6ImJjN2QxYTIifQ%3D%3D\" href='https:\/\/szekelyfa.hu\/wp-content\/uploads\/2023\/05\/330109607_2082172135286591_1153913898865528558_n.jpg'><img loading=\"lazy\" decoding=\"async\" width=\"150\" height=\"150\" src=\"https:\/\/szekelyfa.hu\/wp-content\/uploads\/2023\/05\/330109607_2082172135286591_1153913898865528558_n-150x150.jpg\" class=\"attachment-thumbnail size-thumbnail\" alt=\"\" \/><\/a>\n\t\t\t<\/div><\/figure><figure class='gallery-item'>\n\t\t\t<div class='gallery-icon portrait'>\n\t\t\t\t<a data-elementor-open-lightbox=\"yes\" data-elementor-lightbox-slideshow=\"bc7d1a2\" data-elementor-lightbox-title=\"343320362_166324419722220_6443504475463358573_n\" data-e-action-hash=\"#elementor-action%3Aaction%3Dlightbox%26settings%3DeyJpZCI6ODI0LCJ1cmwiOiJodHRwczpcL1wvc3pla2VseWZhLmh1XC93cC1jb250ZW50XC91cGxvYWRzXC8yMDIzXC8wNVwvMzQzMzIwMzYyXzE2NjMyNDQxOTcyMjIyMF82NDQzNTA0NDc1NDYzMzU4NTczX24uanBnIiwic2xpZGVzaG93IjoiYmM3ZDFhMiJ9\" href='https:\/\/szekelyfa.hu\/wp-content\/uploads\/2023\/05\/343320362_166324419722220_6443504475463358573_n.jpg'><img loading=\"lazy\" decoding=\"async\" width=\"150\" height=\"150\" src=\"https:\/\/szekelyfa.hu\/wp-content\/uploads\/2023\/05\/343320362_166324419722220_6443504475463358573_n-150x150.jpg\" class=\"attachment-thumbnail size-thumbnail\" alt=\"\" \/><\/a>\n\t\t\t<\/div><\/figure><figure class='gallery-item'>\n\t\t\t<div class='gallery-icon landscape'>\n\t\t\t\t<a data-elementor-open-lightbox=\"yes\" data-elementor-lightbox-slideshow=\"bc7d1a2\" data-elementor-lightbox-title=\"330600852_932463441107468_3960088165143610037_n\" data-e-action-hash=\"#elementor-action%3Aaction%3Dlightbox%26settings%3DeyJpZCI6ODIzLCJ1cmwiOiJodHRwczpcL1wvc3pla2VseWZhLmh1XC93cC1jb250ZW50XC91cGxvYWRzXC8yMDIzXC8wNVwvMzMwNjAwODUyXzkzMjQ2MzQ0MTEwNzQ2OF8zOTYwMDg4MTY1MTQzNjEwMDM3X24uanBnIiwic2xpZGVzaG93IjoiYmM3ZDFhMiJ9\" href='https:\/\/szekelyfa.hu\/wp-content\/uploads\/2023\/05\/330600852_932463441107468_3960088165143610037_n.jpg'><img loading=\"lazy\" decoding=\"async\" width=\"150\" height=\"150\" src=\"https:\/\/szekelyfa.hu\/wp-content\/uploads\/2023\/05\/330600852_932463441107468_3960088165143610037_n-150x150.jpg\" class=\"attachment-thumbnail size-thumbnail\" alt=\"\" \/><\/a>\n\t\t\t<\/div><\/figure><figure class='gallery-item'>\n\t\t\t<div class='gallery-icon portrait'>\n\t\t\t\t<a data-elementor-open-lightbox=\"yes\" data-elementor-lightbox-slideshow=\"bc7d1a2\" data-elementor-lightbox-title=\"334156016_1554047548436078_6814891090233088949_n\" data-e-action-hash=\"#elementor-action%3Aaction%3Dlightbox%26settings%3DeyJpZCI6ODIyLCJ1cmwiOiJodHRwczpcL1wvc3pla2VseWZhLmh1XC93cC1jb250ZW50XC91cGxvYWRzXC8yMDIzXC8wNVwvMzM0MTU2MDE2XzE1NTQwNDc1NDg0MzYwNzhfNjgxNDg5MTA5MDIzMzA4ODk0OV9uLmpwZyIsInNsaWRlc2hvdyI6ImJjN2QxYTIifQ%3D%3D\" href='https:\/\/szekelyfa.hu\/wp-content\/uploads\/2023\/05\/334156016_1554047548436078_6814891090233088949_n.jpg'><img loading=\"lazy\" decoding=\"async\" width=\"150\" height=\"150\" src=\"https:\/\/szekelyfa.hu\/wp-content\/uploads\/2023\/05\/334156016_1554047548436078_6814891090233088949_n-150x150.jpg\" class=\"attachment-thumbnail size-thumbnail\" alt=\"\" \/><\/a>\n\t\t\t<\/div><\/figure><figure class='gallery-item'>\n\t\t\t<div class='gallery-icon portrait'>\n\t\t\t\t<a data-elementor-open-lightbox=\"yes\" data-elementor-lightbox-slideshow=\"bc7d1a2\" data-elementor-lightbox-title=\"329276553_3400516326873227_1678995505684091746_n\" data-e-action-hash=\"#elementor-action%3Aaction%3Dlightbox%26settings%3DeyJpZCI6ODIxLCJ1cmwiOiJodHRwczpcL1wvc3pla2VseWZhLmh1XC93cC1jb250ZW50XC91cGxvYWRzXC8yMDIzXC8wNVwvMzI5Mjc2NTUzXzM0MDA1MTYzMjY4NzMyMjdfMTY3ODk5NTUwNTY4NDA5MTc0Nl9uLmpwZyIsInNsaWRlc2hvdyI6ImJjN2QxYTIifQ%3D%3D\" href='https:\/\/szekelyfa.hu\/wp-content\/uploads\/2023\/05\/329276553_3400516326873227_1678995505684091746_n.jpg'><img loading=\"lazy\" decoding=\"async\" width=\"150\" height=\"150\" src=\"https:\/\/szekelyfa.hu\/wp-content\/uploads\/2023\/05\/329276553_3400516326873227_1678995505684091746_n-150x150.jpg\" class=\"attachment-thumbnail size-thumbnail\" alt=\"\" \/><\/a>\n\t\t\t<\/div><\/figure><figure class='gallery-item'>\n\t\t\t<div class='gallery-icon landscape'>\n\t\t\t\t<a data-elementor-open-lightbox=\"yes\" data-elementor-lightbox-slideshow=\"bc7d1a2\" data-elementor-lightbox-title=\"329710012_2412451255605295_7700342905965047591_n\" data-e-action-hash=\"#elementor-action%3Aaction%3Dlightbox%26settings%3DeyJpZCI6ODIwLCJ1cmwiOiJodHRwczpcL1wvc3pla2VseWZhLmh1XC93cC1jb250ZW50XC91cGxvYWRzXC8yMDIzXC8wNVwvMzI5NzEwMDEyXzI0MTI0NTEyNTU2MDUyOTVfNzcwMDM0MjkwNTk2NTA0NzU5MV9uLmpwZyIsInNsaWRlc2hvdyI6ImJjN2QxYTIifQ%3D%3D\" href='https:\/\/szekelyfa.hu\/wp-content\/uploads\/2023\/05\/329710012_2412451255605295_7700342905965047591_n.jpg'><img loading=\"lazy\" decoding=\"async\" width=\"150\" height=\"150\" src=\"https:\/\/szekelyfa.hu\/wp-content\/uploads\/2023\/05\/329710012_2412451255605295_7700342905965047591_n-150x150.jpg\" class=\"attachment-thumbnail size-thumbnail\" alt=\"\" srcset=\"https:\/\/szekelyfa.hu\/wp-content\/uploads\/2023\/05\/329710012_2412451255605295_7700342905965047591_n-150x150.jpg 150w, https:\/\/szekelyfa.hu\/wp-content\/uploads\/2023\/05\/329710012_2412451255605295_7700342905965047591_n-300x300.jpg 300w, https:\/\/szekelyfa.hu\/wp-content\/uploads\/2023\/05\/329710012_2412451255605295_7700342905965047591_n-230x230.jpg 230w, https:\/\/szekelyfa.hu\/wp-content\/uploads\/2023\/05\/329710012_2412451255605295_7700342905965047591_n-350x350.jpg 350w, https:\/\/szekelyfa.hu\/wp-content\/uploads\/2023\/05\/329710012_2412451255605295_7700342905965047591_n-480x480.jpg 480w, https:\/\/szekelyfa.hu\/wp-content\/uploads\/2023\/05\/329710012_2412451255605295_7700342905965047591_n.jpg 688w\" sizes=\"(max-width: 150px) 100vw, 150px\" \/><\/a>\n\t\t\t<\/div><\/figure>\n\t\t<\/div>\n\t\t<\/div>\n\t\t\t\t\t\t<\/div>\n\t\t\t\t<\/div>\n\t\t\t\t\t<\/div>\n\t\t<\/div>\n\t\t\t\t\t<\/div>\n\t\t<\/section>\n\t\t\t\t<\/div>\n\t\t","protected":false},"excerpt":{"rendered":"<p>BDSM b\u00fatorainkr\u00f3l egy-k\u00e9t p\u00e9lda \u00e9rt\u00e9k\u0171 k\u00e9p.<\/p>\n","protected":false},"author":1,"featured_media":0,"parent":0,"menu_order":0,"comment_status":"closed","ping_status":"closed","template":"","meta":{"_monsterinsights_skip_tracking":false,"_monsterinsights_sitenote_active":false,"_monsterinsights_sitenote_note":"","_monsterinsights_sitenote_category":0,"footnotes":""},"class_list":["post-809","page","type-page","status-publish","hentry"],"_links":{"self":[{"href":"https:\/\/szekelyfa.hu\/index.php\/wp-json\/wp\/v2\/pages\/809","targetHints":{"allow":["GET"]}}],"collection":[{"href":"https:\/\/szekelyfa.hu\/index.php\/wp-json\/wp\/v2\/pages"}],"about":[{"href":"https:\/\/szekelyfa.hu\/index.php\/wp-json\/wp\/v2\/types\/page"}],"author":[{"embeddable":true,"href":"https:\/\/szekelyfa.hu\/index.php\/wp-json\/wp\/v2\/users\/1"}],"replies":[{"embeddable":true,"href":"https:\/\/szekelyfa.hu\/index.php\/wp-json\/wp\/v2\/comments?post=809"}],"version-history":[{"count":6,"href":"https:\/\/szekelyfa.hu\/index.php\/wp-json\/wp\/v2\/pages\/809\/revisions"}],"predecessor-version":[{"id":939,"href":"https:\/\/szekelyfa.hu\/index.php\/wp-json\/wp\/v2\/pages\/809\/revisions\/939"}],"wp:attachment":[{"href":"https:\/\/szekelyfa.hu\/index.php\/wp-json\/wp\/v2\/media?parent=809"}],"curies":[{"name":"wp","href":"https:\/\/api.w.org\/{rel}","templated":true}]}}