{"id":808,"date":"2023-05-09T13:31:13","date_gmt":"2023-05-09T11:31:13","guid":{"rendered":"https:\/\/szekelyfa.hu\/?page_id=808"},"modified":"2024-03-07T11:07:46","modified_gmt":"2024-03-07T10:07:46","slug":"kerti-butorok","status":"publish","type":"page","link":"https:\/\/szekelyfa.hu\/index.php\/kerti-butorok\/","title":{"rendered":"Kerti b\u00fatorok"},"content":{"rendered":"\t\t<div data-elementor-type=\"wp-page\" data-elementor-id=\"808\" class=\"elementor elementor-808\">\n\t\t\t\t\t\t<section class=\"elementor-section elementor-top-section elementor-element elementor-element-260b06b8 elementor-section-boxed elementor-section-height-default elementor-section-height-default\" data-id=\"260b06b8\" data-element_type=\"section\" data-e-type=\"section\">\n\t\t\t\t\t\t<div class=\"elementor-container elementor-column-gap-default\">\n\t\t\t\t\t<div class=\"elementor-column elementor-col-100 elementor-top-column elementor-element elementor-element-27dd123a\" data-id=\"27dd123a\" data-element_type=\"column\" data-e-type=\"column\">\n\t\t\t<div class=\"elementor-widget-wrap elementor-element-populated\">\n\t\t\t\t\t\t<div class=\"elementor-element elementor-element-186b87be elementor-widget elementor-widget-text-editor\" data-id=\"186b87be\" data-element_type=\"widget\" data-e-type=\"widget\" data-widget_type=\"text-editor.default\">\n\t\t\t\t<div class=\"elementor-widget-container\">\n\t\t\t\t\t\t\t\t\t\n<p><strong>Kertib\u00fatorokr\u00f3l egy kis \u00edzel\u00edt\u0151.<\/strong><\/p>\n\n<figure class=\"wp-block-gallery has-nested-images columns-default is-cropped wp-block-gallery-2 is-layout-flex wp-block-gallery-is-layout-flex\"><\/figure>\n\t\t\t\t\t\t\t\t<\/div>\n\t\t\t\t<\/div>\n\t\t\t\t\t<\/div>\n\t\t<\/div>\n\t\t\t\t\t<\/div>\n\t\t<\/section>\n\t\t\t\t<section class=\"elementor-section elementor-top-section elementor-element elementor-element-0401e05 elementor-section-boxed elementor-section-height-default elementor-section-height-default\" data-id=\"0401e05\" data-element_type=\"section\" data-e-type=\"section\">\n\t\t\t\t\t\t<div class=\"elementor-container elementor-column-gap-default\">\n\t\t\t\t\t<div class=\"elementor-column elementor-col-100 elementor-top-column elementor-element elementor-element-51e0104\" data-id=\"51e0104\" data-element_type=\"column\" data-e-type=\"column\">\n\t\t\t<div class=\"elementor-widget-wrap elementor-element-populated\">\n\t\t\t\t\t\t<div class=\"elementor-element elementor-element-9c81d55 elementor-widget elementor-widget-image-gallery\" data-id=\"9c81d55\" data-element_type=\"widget\" data-e-type=\"widget\" data-widget_type=\"image-gallery.default\">\n\t\t\t\t<div class=\"elementor-widget-container\">\n\t\t\t\t\t\t\t<div class=\"elementor-image-gallery\">\n\t\t\t<div id='gallery-1' class='gallery galleryid-808 gallery-columns-3 gallery-size-thumbnail'><figure class='gallery-item'>\n\t\t\t<div class='gallery-icon landscape'>\n\t\t\t\t<a data-elementor-open-lightbox=\"yes\" data-elementor-lightbox-slideshow=\"9c81d55\" data-elementor-lightbox-title=\"329957596_856226005661656_5709004694668415869_n-2\" data-e-action-hash=\"#elementor-action%3Aaction%3Dlightbox%26settings%3DeyJpZCI6ODUzLCJ1cmwiOiJodHRwczpcL1wvc3pla2VseWZhLmh1XC93cC1jb250ZW50XC91cGxvYWRzXC8yMDIzXC8wNVwvMzI5OTU3NTk2Xzg1NjIyNjAwNTY2MTY1Nl81NzA5MDA0Njk0NjY4NDE1ODY5X24tMi5qcGciLCJzbGlkZXNob3ciOiI5YzgxZDU1In0%3D\" href='https:\/\/szekelyfa.hu\/wp-content\/uploads\/2023\/05\/329957596_856226005661656_5709004694668415869_n-2.jpg'><img decoding=\"async\" width=\"150\" height=\"150\" src=\"https:\/\/szekelyfa.hu\/wp-content\/uploads\/2023\/05\/329957596_856226005661656_5709004694668415869_n-2-150x150.jpg\" class=\"attachment-thumbnail size-thumbnail\" alt=\"\" \/><\/a>\n\t\t\t<\/div><\/figure><figure class='gallery-item'>\n\t\t\t<div class='gallery-icon landscape'>\n\t\t\t\t<a data-elementor-open-lightbox=\"yes\" data-elementor-lightbox-slideshow=\"9c81d55\" data-elementor-lightbox-title=\"329401663_3032771917032399_419206722510382184_n-1\" data-e-action-hash=\"#elementor-action%3Aaction%3Dlightbox%26settings%3DeyJpZCI6ODUxLCJ1cmwiOiJodHRwczpcL1wvc3pla2VseWZhLmh1XC93cC1jb250ZW50XC91cGxvYWRzXC8yMDIzXC8wNVwvMzI5NDAxNjYzXzMwMzI3NzE5MTcwMzIzOTlfNDE5MjA2NzIyNTEwMzgyMTg0X24tMS5qcGciLCJzbGlkZXNob3ciOiI5YzgxZDU1In0%3D\" href='https:\/\/szekelyfa.hu\/wp-content\/uploads\/2023\/05\/329401663_3032771917032399_419206722510382184_n-1.jpg'><img decoding=\"async\" width=\"150\" height=\"150\" src=\"https:\/\/szekelyfa.hu\/wp-content\/uploads\/2023\/05\/329401663_3032771917032399_419206722510382184_n-1-150x150.jpg\" class=\"attachment-thumbnail size-thumbnail\" alt=\"\" \/><\/a>\n\t\t\t<\/div><\/figure><figure class='gallery-item'>\n\t\t\t<div class='gallery-icon landscape'>\n\t\t\t\t<a data-elementor-open-lightbox=\"yes\" data-elementor-lightbox-slideshow=\"9c81d55\" data-elementor-lightbox-title=\"asztal\" data-e-action-hash=\"#elementor-action%3Aaction%3Dlightbox%26settings%3DeyJpZCI6ODQ2LCJ1cmwiOiJodHRwczpcL1wvc3pla2VseWZhLmh1XC93cC1jb250ZW50XC91cGxvYWRzXC8yMDIzXC8wNVwvYXN6dGFsLmpwZyIsInNsaWRlc2hvdyI6IjljODFkNTUifQ%3D%3D\" href='https:\/\/szekelyfa.hu\/wp-content\/uploads\/2023\/05\/asztal.jpg'><img decoding=\"async\" width=\"150\" height=\"150\" src=\"https:\/\/szekelyfa.hu\/wp-content\/uploads\/2023\/05\/asztal-150x150.jpg\" class=\"attachment-thumbnail size-thumbnail\" alt=\"\" \/><\/a>\n\t\t\t<\/div><\/figure><figure class='gallery-item'>\n\t\t\t<div class='gallery-icon portrait'>\n\t\t\t\t<a data-elementor-open-lightbox=\"yes\" data-elementor-lightbox-slideshow=\"9c81d55\" data-elementor-lightbox-title=\"345479880_774895067353867_5383305603221335552_n\" data-e-action-hash=\"#elementor-action%3Aaction%3Dlightbox%26settings%3DeyJpZCI6ODU0LCJ1cmwiOiJodHRwczpcL1wvc3pla2VseWZhLmh1XC93cC1jb250ZW50XC91cGxvYWRzXC8yMDIzXC8wNVwvMzQ1NDc5ODgwXzc3NDg5NTA2NzM1Mzg2N181MzgzMzA1NjAzMjIxMzM1NTUyX24uanBnIiwic2xpZGVzaG93IjoiOWM4MWQ1NSJ9\" href='https:\/\/szekelyfa.hu\/wp-content\/uploads\/2023\/05\/345479880_774895067353867_5383305603221335552_n.jpg'><img loading=\"lazy\" decoding=\"async\" width=\"150\" height=\"150\" src=\"https:\/\/szekelyfa.hu\/wp-content\/uploads\/2023\/05\/345479880_774895067353867_5383305603221335552_n-150x150.jpg\" class=\"attachment-thumbnail size-thumbnail\" alt=\"\" \/><\/a>\n\t\t\t<\/div><\/figure><figure class='gallery-item'>\n\t\t\t<div class='gallery-icon landscape'>\n\t\t\t\t<a data-elementor-open-lightbox=\"yes\" data-elementor-lightbox-slideshow=\"9c81d55\" data-elementor-lightbox-title=\"e7973401-3341-43dd-a198-f0085de03030\" data-e-action-hash=\"#elementor-action%3Aaction%3Dlightbox%26settings%3DeyJpZCI6OTk1LCJ1cmwiOiJodHRwczpcL1wvc3pla2VseWZhLmh1XC93cC1jb250ZW50XC91cGxvYWRzXC8yMDI0XC8wM1wvZTc5NzM0MDEtMzM0MS00M2RkLWExOTgtZjAwODVkZTAzMDMwLmpwZyIsInNsaWRlc2hvdyI6IjljODFkNTUifQ%3D%3D\" href='https:\/\/szekelyfa.hu\/wp-content\/uploads\/2024\/03\/e7973401-3341-43dd-a198-f0085de03030.jpg'><img loading=\"lazy\" decoding=\"async\" width=\"150\" height=\"150\" src=\"https:\/\/szekelyfa.hu\/wp-content\/uploads\/2024\/03\/e7973401-3341-43dd-a198-f0085de03030-150x150.jpg\" class=\"attachment-thumbnail size-thumbnail\" alt=\"\" srcset=\"https:\/\/szekelyfa.hu\/wp-content\/uploads\/2024\/03\/e7973401-3341-43dd-a198-f0085de03030-150x150.jpg 150w, https:\/\/szekelyfa.hu\/wp-content\/uploads\/2024\/03\/e7973401-3341-43dd-a198-f0085de03030-300x300.jpg 300w, https:\/\/szekelyfa.hu\/wp-content\/uploads\/2024\/03\/e7973401-3341-43dd-a198-f0085de03030-1024x1024.jpg 1024w, https:\/\/szekelyfa.hu\/wp-content\/uploads\/2024\/03\/e7973401-3341-43dd-a198-f0085de03030-768x768.jpg 768w, https:\/\/szekelyfa.hu\/wp-content\/uploads\/2024\/03\/e7973401-3341-43dd-a198-f0085de03030-1000x1000.jpg 1000w, https:\/\/szekelyfa.hu\/wp-content\/uploads\/2024\/03\/e7973401-3341-43dd-a198-f0085de03030-230x230.jpg 230w, https:\/\/szekelyfa.hu\/wp-content\/uploads\/2024\/03\/e7973401-3341-43dd-a198-f0085de03030-350x350.jpg 350w, https:\/\/szekelyfa.hu\/wp-content\/uploads\/2024\/03\/e7973401-3341-43dd-a198-f0085de03030-480x480.jpg 480w, https:\/\/szekelyfa.hu\/wp-content\/uploads\/2024\/03\/e7973401-3341-43dd-a198-f0085de03030.jpg 1440w\" sizes=\"(max-width: 150px) 100vw, 150px\" \/><\/a>\n\t\t\t<\/div><\/figure><figure class='gallery-item'>\n\t\t\t<div class='gallery-icon landscape'>\n\t\t\t\t<a data-elementor-open-lightbox=\"yes\" data-elementor-lightbox-slideshow=\"9c81d55\" data-elementor-lightbox-title=\"89510f35-74a2-423a-9f9f-0acb08dcb117\" data-e-action-hash=\"#elementor-action%3Aaction%3Dlightbox%26settings%3DeyJpZCI6OTkwLCJ1cmwiOiJodHRwczpcL1wvc3pla2VseWZhLmh1XC93cC1jb250ZW50XC91cGxvYWRzXC8yMDI0XC8wM1wvODk1MTBmMzUtNzRhMi00MjNhLTlmOWYtMGFjYjA4ZGNiMTE3LmpwZyIsInNsaWRlc2hvdyI6IjljODFkNTUifQ%3D%3D\" href='https:\/\/szekelyfa.hu\/wp-content\/uploads\/2024\/03\/89510f35-74a2-423a-9f9f-0acb08dcb117.jpg'><img loading=\"lazy\" decoding=\"async\" width=\"150\" height=\"150\" src=\"https:\/\/szekelyfa.hu\/wp-content\/uploads\/2024\/03\/89510f35-74a2-423a-9f9f-0acb08dcb117-150x150.jpg\" class=\"attachment-thumbnail size-thumbnail\" alt=\"\" \/><\/a>\n\t\t\t<\/div><\/figure><figure class='gallery-item'>\n\t\t\t<div class='gallery-icon portrait'>\n\t\t\t\t<a data-elementor-open-lightbox=\"yes\" data-elementor-lightbox-slideshow=\"9c81d55\" data-elementor-lightbox-title=\"857e0d1e-1951-4ff0-9bcb-b8fb7b3144da\" data-e-action-hash=\"#elementor-action%3Aaction%3Dlightbox%26settings%3DeyJpZCI6OTg5LCJ1cmwiOiJodHRwczpcL1wvc3pla2VseWZhLmh1XC93cC1jb250ZW50XC91cGxvYWRzXC8yMDI0XC8wM1wvODU3ZTBkMWUtMTk1MS00ZmYwLTliY2ItYjhmYjdiMzE0NGRhLmpwZyIsInNsaWRlc2hvdyI6IjljODFkNTUifQ%3D%3D\" href='https:\/\/szekelyfa.hu\/wp-content\/uploads\/2024\/03\/857e0d1e-1951-4ff0-9bcb-b8fb7b3144da.jpg'><img loading=\"lazy\" decoding=\"async\" width=\"150\" height=\"150\" src=\"https:\/\/szekelyfa.hu\/wp-content\/uploads\/2024\/03\/857e0d1e-1951-4ff0-9bcb-b8fb7b3144da-150x150.jpg\" class=\"attachment-thumbnail size-thumbnail\" alt=\"\" \/><\/a>\n\t\t\t<\/div><\/figure><figure class='gallery-item'>\n\t\t\t<div class='gallery-icon portrait'>\n\t\t\t\t<a data-elementor-open-lightbox=\"yes\" data-elementor-lightbox-slideshow=\"9c81d55\" data-elementor-lightbox-title=\"049b73a2-7599-479f-bc9d-953e85847a5f\" data-e-action-hash=\"#elementor-action%3Aaction%3Dlightbox%26settings%3DeyJpZCI6OTg3LCJ1cmwiOiJodHRwczpcL1wvc3pla2VseWZhLmh1XC93cC1jb250ZW50XC91cGxvYWRzXC8yMDI0XC8wM1wvMDQ5YjczYTItNzU5OS00NzlmLWJjOWQtOTUzZTg1ODQ3YTVmLmpwZyIsInNsaWRlc2hvdyI6IjljODFkNTUifQ%3D%3D\" href='https:\/\/szekelyfa.hu\/wp-content\/uploads\/2024\/03\/049b73a2-7599-479f-bc9d-953e85847a5f.jpg'><img loading=\"lazy\" decoding=\"async\" width=\"150\" height=\"150\" src=\"https:\/\/szekelyfa.hu\/wp-content\/uploads\/2024\/03\/049b73a2-7599-479f-bc9d-953e85847a5f-150x150.jpg\" class=\"attachment-thumbnail size-thumbnail\" alt=\"\" \/><\/a>\n\t\t\t<\/div><\/figure><figure class='gallery-item'>\n\t\t\t<div class='gallery-icon landscape'>\n\t\t\t\t<a data-elementor-open-lightbox=\"yes\" data-elementor-lightbox-slideshow=\"9c81d55\" data-elementor-lightbox-title=\"3d86fd3a-682a-4812-8d74-2bea187c1211\" data-e-action-hash=\"#elementor-action%3Aaction%3Dlightbox%26settings%3DeyJpZCI6OTg2LCJ1cmwiOiJodHRwczpcL1wvc3pla2VseWZhLmh1XC93cC1jb250ZW50XC91cGxvYWRzXC8yMDI0XC8wM1wvM2Q4NmZkM2EtNjgyYS00ODEyLThkNzQtMmJlYTE4N2MxMjExLmpwZyIsInNsaWRlc2hvdyI6IjljODFkNTUifQ%3D%3D\" href='https:\/\/szekelyfa.hu\/wp-content\/uploads\/2024\/03\/3d86fd3a-682a-4812-8d74-2bea187c1211.jpg'><img loading=\"lazy\" decoding=\"async\" width=\"150\" height=\"150\" src=\"https:\/\/szekelyfa.hu\/wp-content\/uploads\/2024\/03\/3d86fd3a-682a-4812-8d74-2bea187c1211-150x150.jpg\" class=\"attachment-thumbnail size-thumbnail\" alt=\"\" srcset=\"https:\/\/szekelyfa.hu\/wp-content\/uploads\/2024\/03\/3d86fd3a-682a-4812-8d74-2bea187c1211-150x150.jpg 150w, https:\/\/szekelyfa.hu\/wp-content\/uploads\/2024\/03\/3d86fd3a-682a-4812-8d74-2bea187c1211-300x300.jpg 300w, https:\/\/szekelyfa.hu\/wp-content\/uploads\/2024\/03\/3d86fd3a-682a-4812-8d74-2bea187c1211-1024x1024.jpg 1024w, https:\/\/szekelyfa.hu\/wp-content\/uploads\/2024\/03\/3d86fd3a-682a-4812-8d74-2bea187c1211-768x768.jpg 768w, https:\/\/szekelyfa.hu\/wp-content\/uploads\/2024\/03\/3d86fd3a-682a-4812-8d74-2bea187c1211-1000x1000.jpg 1000w, https:\/\/szekelyfa.hu\/wp-content\/uploads\/2024\/03\/3d86fd3a-682a-4812-8d74-2bea187c1211-230x230.jpg 230w, https:\/\/szekelyfa.hu\/wp-content\/uploads\/2024\/03\/3d86fd3a-682a-4812-8d74-2bea187c1211-350x350.jpg 350w, https:\/\/szekelyfa.hu\/wp-content\/uploads\/2024\/03\/3d86fd3a-682a-4812-8d74-2bea187c1211-480x480.jpg 480w, https:\/\/szekelyfa.hu\/wp-content\/uploads\/2024\/03\/3d86fd3a-682a-4812-8d74-2bea187c1211.jpg 1440w\" sizes=\"(max-width: 150px) 100vw, 150px\" \/><\/a>\n\t\t\t<\/div><\/figure>\n\t\t<\/div>\n\t\t<\/div>\n\t\t\t\t\t\t<\/div>\n\t\t\t\t<\/div>\n\t\t\t\t\t<\/div>\n\t\t<\/div>\n\t\t\t\t\t<\/div>\n\t\t<\/section>\n\t\t\t\t<\/div>\n\t\t","protected":false},"excerpt":{"rendered":"<p>Kertib\u00fatorokr\u00f3l egy kis \u00edzel\u00edt\u0151.<\/p>\n","protected":false},"author":1,"featured_media":0,"parent":0,"menu_order":0,"comment_status":"closed","ping_status":"closed","template":"","meta":{"_monsterinsights_skip_tracking":false,"_monsterinsights_sitenote_active":false,"_monsterinsights_sitenote_note":"","_monsterinsights_sitenote_category":0,"footnotes":""},"class_list":["post-808","page","type-page","status-publish","hentry"],"_links":{"self":[{"href":"https:\/\/szekelyfa.hu\/index.php\/wp-json\/wp\/v2\/pages\/808","targetHints":{"allow":["GET"]}}],"collection":[{"href":"https:\/\/szekelyfa.hu\/index.php\/wp-json\/wp\/v2\/pages"}],"about":[{"href":"https:\/\/szekelyfa.hu\/index.php\/wp-json\/wp\/v2\/types\/page"}],"author":[{"embeddable":true,"href":"https:\/\/szekelyfa.hu\/index.php\/wp-json\/wp\/v2\/users\/1"}],"replies":[{"embeddable":true,"href":"https:\/\/szekelyfa.hu\/index.php\/wp-json\/wp\/v2\/comments?post=808"}],"version-history":[{"count":20,"href":"https:\/\/szekelyfa.hu\/index.php\/wp-json\/wp\/v2\/pages\/808\/revisions"}],"predecessor-version":[{"id":1004,"href":"https:\/\/szekelyfa.hu\/index.php\/wp-json\/wp\/v2\/pages\/808\/revisions\/1004"}],"wp:attachment":[{"href":"https:\/\/szekelyfa.hu\/index.php\/wp-json\/wp\/v2\/media?parent=808"}],"curies":[{"name":"wp","href":"https:\/\/api.w.org\/{rel}","templated":true}]}}