{"id":806,"date":"2023-05-09T13:31:13","date_gmt":"2023-05-09T11:31:13","guid":{"rendered":"https:\/\/szekelyfa.hu\/?page_id=806"},"modified":"2024-03-07T11:05:34","modified_gmt":"2024-03-07T10:05:34","slug":"dezsak","status":"publish","type":"page","link":"https:\/\/szekelyfa.hu\/index.php\/dezsak\/","title":{"rendered":"D\u00e9zs\u00e1k"},"content":{"rendered":"\t\t<div data-elementor-type=\"wp-page\" data-elementor-id=\"806\" class=\"elementor elementor-806\">\n\t\t\t\t\t\t<section class=\"elementor-section elementor-top-section elementor-element elementor-element-345112a2 elementor-section-boxed elementor-section-height-default elementor-section-height-default\" data-id=\"345112a2\" data-element_type=\"section\" data-e-type=\"section\">\n\t\t\t\t\t\t<div class=\"elementor-container elementor-column-gap-default\">\n\t\t\t\t\t<div class=\"elementor-column elementor-col-100 elementor-top-column elementor-element elementor-element-31cc62d4\" data-id=\"31cc62d4\" data-element_type=\"column\" data-e-type=\"column\">\n\t\t\t<div class=\"elementor-widget-wrap elementor-element-populated\">\n\t\t\t\t\t\t<div class=\"elementor-element elementor-element-35ce8cc8 elementor-widget elementor-widget-text-editor\" data-id=\"35ce8cc8\" data-element_type=\"widget\" data-e-type=\"widget\" data-widget_type=\"text-editor.default\">\n\t\t\t\t<div class=\"elementor-widget-container\">\n\t\t\t\t\t\t\t\t\t\n<p>D\u00e9zs\u00e1k minden m\u00e9retben \u00e9s vari\u00e1ci\u00f3ban k\u00e9rhet\u0151k.<\/p>\n\n<figure class=\"wp-block-gallery has-nested-images columns-default is-cropped wp-block-gallery-2 is-layout-flex wp-block-gallery-is-layout-flex\"><\/figure>\n\t\t\t\t\t\t\t\t<\/div>\n\t\t\t\t<\/div>\n\t\t\t\t\t<\/div>\n\t\t<\/div>\n\t\t\t\t\t<\/div>\n\t\t<\/section>\n\t\t\t\t<section class=\"elementor-section elementor-top-section elementor-element elementor-element-027bc72 elementor-section-boxed elementor-section-height-default elementor-section-height-default\" data-id=\"027bc72\" data-element_type=\"section\" data-e-type=\"section\">\n\t\t\t\t\t\t<div class=\"elementor-container elementor-column-gap-default\">\n\t\t\t\t\t<div class=\"elementor-column elementor-col-100 elementor-top-column elementor-element elementor-element-3840d0f\" data-id=\"3840d0f\" data-element_type=\"column\" data-e-type=\"column\">\n\t\t\t<div class=\"elementor-widget-wrap elementor-element-populated\">\n\t\t\t\t\t\t<div class=\"elementor-element elementor-element-fdeb0aa elementor-widget elementor-widget-image-gallery\" data-id=\"fdeb0aa\" data-element_type=\"widget\" data-e-type=\"widget\" data-widget_type=\"image-gallery.default\">\n\t\t\t\t<div class=\"elementor-widget-container\">\n\t\t\t\t\t\t\t<div class=\"elementor-image-gallery\">\n\t\t\t<div id='gallery-1' class='gallery galleryid-806 gallery-columns-5 gallery-size-thumbnail'><figure class='gallery-item'>\n\t\t\t<div class='gallery-icon landscape'>\n\t\t\t\t<a data-elementor-open-lightbox=\"yes\" data-elementor-lightbox-slideshow=\"fdeb0aa\" data-elementor-lightbox-title=\"345696196_267664218984612_1330928817411890444_n\" data-e-action-hash=\"#elementor-action%3Aaction%3Dlightbox%26settings%3DeyJpZCI6ODQzLCJ1cmwiOiJodHRwczpcL1wvc3pla2VseWZhLmh1XC93cC1jb250ZW50XC91cGxvYWRzXC8yMDIzXC8wNVwvMzQ1Njk2MTk2XzI2NzY2NDIxODk4NDYxMl8xMzMwOTI4ODE3NDExODkwNDQ0X24uanBnIiwic2xpZGVzaG93IjoiZmRlYjBhYSJ9\" href='https:\/\/szekelyfa.hu\/wp-content\/uploads\/2023\/05\/345696196_267664218984612_1330928817411890444_n.jpg'><img decoding=\"async\" width=\"150\" height=\"150\" src=\"https:\/\/szekelyfa.hu\/wp-content\/uploads\/2023\/05\/345696196_267664218984612_1330928817411890444_n-150x150.jpg\" class=\"attachment-thumbnail size-thumbnail\" alt=\"\" \/><\/a>\n\t\t\t<\/div><\/figure><figure class='gallery-item'>\n\t\t\t<div class='gallery-icon landscape'>\n\t\t\t\t<a data-elementor-open-lightbox=\"yes\" data-elementor-lightbox-slideshow=\"fdeb0aa\" data-elementor-lightbox-title=\"345686669_204872078994243_1187607930660816719_n\" data-e-action-hash=\"#elementor-action%3Aaction%3Dlightbox%26settings%3DeyJpZCI6ODQyLCJ1cmwiOiJodHRwczpcL1wvc3pla2VseWZhLmh1XC93cC1jb250ZW50XC91cGxvYWRzXC8yMDIzXC8wNVwvMzQ1Njg2NjY5XzIwNDg3MjA3ODk5NDI0M18xMTg3NjA3OTMwNjYwODE2NzE5X24uanBnIiwic2xpZGVzaG93IjoiZmRlYjBhYSJ9\" href='https:\/\/szekelyfa.hu\/wp-content\/uploads\/2023\/05\/345686669_204872078994243_1187607930660816719_n.jpg'><img decoding=\"async\" width=\"150\" height=\"150\" src=\"https:\/\/szekelyfa.hu\/wp-content\/uploads\/2023\/05\/345686669_204872078994243_1187607930660816719_n-150x150.jpg\" class=\"attachment-thumbnail size-thumbnail\" alt=\"\" srcset=\"https:\/\/szekelyfa.hu\/wp-content\/uploads\/2023\/05\/345686669_204872078994243_1187607930660816719_n-150x150.jpg 150w, https:\/\/szekelyfa.hu\/wp-content\/uploads\/2023\/05\/345686669_204872078994243_1187607930660816719_n-300x300.jpg 300w, https:\/\/szekelyfa.hu\/wp-content\/uploads\/2023\/05\/345686669_204872078994243_1187607930660816719_n-768x768.jpg 768w, https:\/\/szekelyfa.hu\/wp-content\/uploads\/2023\/05\/345686669_204872078994243_1187607930660816719_n-230x230.jpg 230w, https:\/\/szekelyfa.hu\/wp-content\/uploads\/2023\/05\/345686669_204872078994243_1187607930660816719_n-350x350.jpg 350w, https:\/\/szekelyfa.hu\/wp-content\/uploads\/2023\/05\/345686669_204872078994243_1187607930660816719_n-480x480.jpg 480w, https:\/\/szekelyfa.hu\/wp-content\/uploads\/2023\/05\/345686669_204872078994243_1187607930660816719_n.jpg 810w\" sizes=\"(max-width: 150px) 100vw, 150px\" \/><\/a>\n\t\t\t<\/div><\/figure><figure class='gallery-item'>\n\t\t\t<div class='gallery-icon landscape'>\n\t\t\t\t<a data-elementor-open-lightbox=\"yes\" data-elementor-lightbox-slideshow=\"fdeb0aa\" data-elementor-lightbox-title=\"320216564_1792869787759670_6433258079920254242_n\" data-e-action-hash=\"#elementor-action%3Aaction%3Dlightbox%26settings%3DeyJpZCI6ODM3LCJ1cmwiOiJodHRwczpcL1wvc3pla2VseWZhLmh1XC93cC1jb250ZW50XC91cGxvYWRzXC8yMDIzXC8wNVwvMzIwMjE2NTY0XzE3OTI4Njk3ODc3NTk2NzBfNjQzMzI1ODA3OTkyMDI1NDI0Ml9uLmpwZyIsInNsaWRlc2hvdyI6ImZkZWIwYWEifQ%3D%3D\" href='https:\/\/szekelyfa.hu\/wp-content\/uploads\/2023\/05\/320216564_1792869787759670_6433258079920254242_n.jpg'><img decoding=\"async\" width=\"150\" height=\"150\" src=\"https:\/\/szekelyfa.hu\/wp-content\/uploads\/2023\/05\/320216564_1792869787759670_6433258079920254242_n-150x150.jpg\" class=\"attachment-thumbnail size-thumbnail\" alt=\"\" \/><\/a>\n\t\t\t<\/div><\/figure><figure class='gallery-item'>\n\t\t\t<div class='gallery-icon landscape'>\n\t\t\t\t<a data-elementor-open-lightbox=\"yes\" data-elementor-lightbox-slideshow=\"fdeb0aa\" data-elementor-lightbox-title=\"320094613_667529624857461_7763033157048299764_n\" data-e-action-hash=\"#elementor-action%3Aaction%3Dlightbox%26settings%3DeyJpZCI6ODM2LCJ1cmwiOiJodHRwczpcL1wvc3pla2VseWZhLmh1XC93cC1jb250ZW50XC91cGxvYWRzXC8yMDIzXC8wNVwvMzIwMDk0NjEzXzY2NzUyOTYyNDg1NzQ2MV83NzYzMDMzMTU3MDQ4Mjk5NzY0X24uanBnIiwic2xpZGVzaG93IjoiZmRlYjBhYSJ9\" href='https:\/\/szekelyfa.hu\/wp-content\/uploads\/2023\/05\/320094613_667529624857461_7763033157048299764_n.jpg'><img loading=\"lazy\" decoding=\"async\" width=\"150\" height=\"150\" src=\"https:\/\/szekelyfa.hu\/wp-content\/uploads\/2023\/05\/320094613_667529624857461_7763033157048299764_n-150x150.jpg\" class=\"attachment-thumbnail size-thumbnail\" alt=\"\" \/><\/a>\n\t\t\t<\/div><\/figure><figure class='gallery-item'>\n\t\t\t<div class='gallery-icon landscape'>\n\t\t\t\t<a data-elementor-open-lightbox=\"yes\" data-elementor-lightbox-slideshow=\"fdeb0aa\" data-elementor-lightbox-title=\"319328716_3062989210667462_323933876775145281_n\" data-e-action-hash=\"#elementor-action%3Aaction%3Dlightbox%26settings%3DeyJpZCI6ODM1LCJ1cmwiOiJodHRwczpcL1wvc3pla2VseWZhLmh1XC93cC1jb250ZW50XC91cGxvYWRzXC8yMDIzXC8wNVwvMzE5MzI4NzE2XzMwNjI5ODkyMTA2Njc0NjJfMzIzOTMzODc2Nzc1MTQ1MjgxX24uanBnIiwic2xpZGVzaG93IjoiZmRlYjBhYSJ9\" href='https:\/\/szekelyfa.hu\/wp-content\/uploads\/2023\/05\/319328716_3062989210667462_323933876775145281_n.jpg'><img loading=\"lazy\" decoding=\"async\" width=\"150\" height=\"150\" src=\"https:\/\/szekelyfa.hu\/wp-content\/uploads\/2023\/05\/319328716_3062989210667462_323933876775145281_n-150x150.jpg\" class=\"attachment-thumbnail size-thumbnail\" alt=\"\" srcset=\"https:\/\/szekelyfa.hu\/wp-content\/uploads\/2023\/05\/319328716_3062989210667462_323933876775145281_n-150x150.jpg 150w, https:\/\/szekelyfa.hu\/wp-content\/uploads\/2023\/05\/319328716_3062989210667462_323933876775145281_n-300x300.jpg 300w, https:\/\/szekelyfa.hu\/wp-content\/uploads\/2023\/05\/319328716_3062989210667462_323933876775145281_n-1024x1024.jpg 1024w, https:\/\/szekelyfa.hu\/wp-content\/uploads\/2023\/05\/319328716_3062989210667462_323933876775145281_n-768x768.jpg 768w, https:\/\/szekelyfa.hu\/wp-content\/uploads\/2023\/05\/319328716_3062989210667462_323933876775145281_n-1000x1000.jpg 1000w, https:\/\/szekelyfa.hu\/wp-content\/uploads\/2023\/05\/319328716_3062989210667462_323933876775145281_n-230x230.jpg 230w, https:\/\/szekelyfa.hu\/wp-content\/uploads\/2023\/05\/319328716_3062989210667462_323933876775145281_n-350x350.jpg 350w, https:\/\/szekelyfa.hu\/wp-content\/uploads\/2023\/05\/319328716_3062989210667462_323933876775145281_n-480x480.jpg 480w, https:\/\/szekelyfa.hu\/wp-content\/uploads\/2023\/05\/319328716_3062989210667462_323933876775145281_n.jpg 1080w\" sizes=\"(max-width: 150px) 100vw, 150px\" \/><\/a>\n\t\t\t<\/div><\/figure><figure class='gallery-item'>\n\t\t\t<div class='gallery-icon landscape'>\n\t\t\t\t<a data-elementor-open-lightbox=\"yes\" data-elementor-lightbox-slideshow=\"fdeb0aa\" data-elementor-lightbox-title=\"318947742_529812372404291_572962360717727544_n\" data-e-action-hash=\"#elementor-action%3Aaction%3Dlightbox%26settings%3DeyJpZCI6ODM0LCJ1cmwiOiJodHRwczpcL1wvc3pla2VseWZhLmh1XC93cC1jb250ZW50XC91cGxvYWRzXC8yMDIzXC8wNVwvMzE4OTQ3NzQyXzUyOTgxMjM3MjQwNDI5MV81NzI5NjIzNjA3MTc3Mjc1NDRfbi5qcGciLCJzbGlkZXNob3ciOiJmZGViMGFhIn0%3D\" href='https:\/\/szekelyfa.hu\/wp-content\/uploads\/2023\/05\/318947742_529812372404291_572962360717727544_n.jpg'><img loading=\"lazy\" decoding=\"async\" width=\"150\" height=\"150\" src=\"https:\/\/szekelyfa.hu\/wp-content\/uploads\/2023\/05\/318947742_529812372404291_572962360717727544_n-150x150.jpg\" class=\"attachment-thumbnail size-thumbnail\" alt=\"\" srcset=\"https:\/\/szekelyfa.hu\/wp-content\/uploads\/2023\/05\/318947742_529812372404291_572962360717727544_n-150x150.jpg 150w, https:\/\/szekelyfa.hu\/wp-content\/uploads\/2023\/05\/318947742_529812372404291_572962360717727544_n-300x300.jpg 300w, https:\/\/szekelyfa.hu\/wp-content\/uploads\/2023\/05\/318947742_529812372404291_572962360717727544_n-1024x1024.jpg 1024w, https:\/\/szekelyfa.hu\/wp-content\/uploads\/2023\/05\/318947742_529812372404291_572962360717727544_n-768x768.jpg 768w, https:\/\/szekelyfa.hu\/wp-content\/uploads\/2023\/05\/318947742_529812372404291_572962360717727544_n-1000x1000.jpg 1000w, https:\/\/szekelyfa.hu\/wp-content\/uploads\/2023\/05\/318947742_529812372404291_572962360717727544_n-230x230.jpg 230w, https:\/\/szekelyfa.hu\/wp-content\/uploads\/2023\/05\/318947742_529812372404291_572962360717727544_n-350x350.jpg 350w, https:\/\/szekelyfa.hu\/wp-content\/uploads\/2023\/05\/318947742_529812372404291_572962360717727544_n-480x480.jpg 480w, https:\/\/szekelyfa.hu\/wp-content\/uploads\/2023\/05\/318947742_529812372404291_572962360717727544_n.jpg 1080w\" sizes=\"(max-width: 150px) 100vw, 150px\" \/><\/a>\n\t\t\t<\/div><\/figure><figure class='gallery-item'>\n\t\t\t<div class='gallery-icon landscape'>\n\t\t\t\t<a data-elementor-open-lightbox=\"yes\" data-elementor-lightbox-slideshow=\"fdeb0aa\" data-elementor-lightbox-title=\"320403420_873112707148811_9178673159186646595_n\" data-e-action-hash=\"#elementor-action%3Aaction%3Dlightbox%26settings%3DeyJpZCI6ODM4LCJ1cmwiOiJodHRwczpcL1wvc3pla2VseWZhLmh1XC93cC1jb250ZW50XC91cGxvYWRzXC8yMDIzXC8wNVwvMzIwNDAzNDIwXzg3MzExMjcwNzE0ODgxMV85MTc4NjczMTU5MTg2NjQ2NTk1X24uanBnIiwic2xpZGVzaG93IjoiZmRlYjBhYSJ9\" href='https:\/\/szekelyfa.hu\/wp-content\/uploads\/2023\/05\/320403420_873112707148811_9178673159186646595_n.jpg'><img loading=\"lazy\" decoding=\"async\" width=\"150\" height=\"150\" src=\"https:\/\/szekelyfa.hu\/wp-content\/uploads\/2023\/05\/320403420_873112707148811_9178673159186646595_n-150x150.jpg\" class=\"attachment-thumbnail size-thumbnail\" alt=\"\" srcset=\"https:\/\/szekelyfa.hu\/wp-content\/uploads\/2023\/05\/320403420_873112707148811_9178673159186646595_n-150x150.jpg 150w, https:\/\/szekelyfa.hu\/wp-content\/uploads\/2023\/05\/320403420_873112707148811_9178673159186646595_n-300x300.jpg 300w, https:\/\/szekelyfa.hu\/wp-content\/uploads\/2023\/05\/320403420_873112707148811_9178673159186646595_n-1024x1024.jpg 1024w, https:\/\/szekelyfa.hu\/wp-content\/uploads\/2023\/05\/320403420_873112707148811_9178673159186646595_n-768x768.jpg 768w, https:\/\/szekelyfa.hu\/wp-content\/uploads\/2023\/05\/320403420_873112707148811_9178673159186646595_n-1000x1000.jpg 1000w, https:\/\/szekelyfa.hu\/wp-content\/uploads\/2023\/05\/320403420_873112707148811_9178673159186646595_n-230x230.jpg 230w, https:\/\/szekelyfa.hu\/wp-content\/uploads\/2023\/05\/320403420_873112707148811_9178673159186646595_n-350x350.jpg 350w, https:\/\/szekelyfa.hu\/wp-content\/uploads\/2023\/05\/320403420_873112707148811_9178673159186646595_n-480x480.jpg 480w, https:\/\/szekelyfa.hu\/wp-content\/uploads\/2023\/05\/320403420_873112707148811_9178673159186646595_n.jpg 1080w\" sizes=\"(max-width: 150px) 100vw, 150px\" \/><\/a>\n\t\t\t<\/div><\/figure><figure class='gallery-item'>\n\t\t\t<div class='gallery-icon landscape'>\n\t\t\t\t<a data-elementor-open-lightbox=\"yes\" data-elementor-lightbox-slideshow=\"fdeb0aa\" data-elementor-lightbox-title=\"336569481_749872806579049_4026313818865281285_n\" data-e-action-hash=\"#elementor-action%3Aaction%3Dlightbox%26settings%3DeyJpZCI6ODM5LCJ1cmwiOiJodHRwczpcL1wvc3pla2VseWZhLmh1XC93cC1jb250ZW50XC91cGxvYWRzXC8yMDIzXC8wNVwvMzM2NTY5NDgxXzc0OTg3MjgwNjU3OTA0OV80MDI2MzEzODE4ODY1MjgxMjg1X24uZ2lmIiwic2xpZGVzaG93IjoiZmRlYjBhYSJ9\" href='https:\/\/szekelyfa.hu\/wp-content\/uploads\/2023\/05\/336569481_749872806579049_4026313818865281285_n.gif'><img loading=\"lazy\" decoding=\"async\" width=\"150\" height=\"150\" src=\"https:\/\/szekelyfa.hu\/wp-content\/uploads\/2023\/05\/336569481_749872806579049_4026313818865281285_n-150x150.gif\" class=\"attachment-thumbnail size-thumbnail\" alt=\"\" srcset=\"https:\/\/szekelyfa.hu\/wp-content\/uploads\/2023\/05\/336569481_749872806579049_4026313818865281285_n-150x150.gif 150w, https:\/\/szekelyfa.hu\/wp-content\/uploads\/2023\/05\/336569481_749872806579049_4026313818865281285_n-300x300.gif 300w, https:\/\/szekelyfa.hu\/wp-content\/uploads\/2023\/05\/336569481_749872806579049_4026313818865281285_n-768x768.gif 768w, https:\/\/szekelyfa.hu\/wp-content\/uploads\/2023\/05\/336569481_749872806579049_4026313818865281285_n-230x230.gif 230w, https:\/\/szekelyfa.hu\/wp-content\/uploads\/2023\/05\/336569481_749872806579049_4026313818865281285_n-350x350.gif 350w, https:\/\/szekelyfa.hu\/wp-content\/uploads\/2023\/05\/336569481_749872806579049_4026313818865281285_n-480x480.gif 480w\" sizes=\"(max-width: 150px) 100vw, 150px\" \/><\/a>\n\t\t\t<\/div><\/figure><figure class='gallery-item'>\n\t\t\t<div class='gallery-icon portrait'>\n\t\t\t\t<a data-elementor-open-lightbox=\"yes\" data-elementor-lightbox-slideshow=\"fdeb0aa\" data-elementor-lightbox-title=\"345641588_6472196429480818_8206193947051979575_n\" data-e-action-hash=\"#elementor-action%3Aaction%3Dlightbox%26settings%3DeyJpZCI6ODQxLCJ1cmwiOiJodHRwczpcL1wvc3pla2VseWZhLmh1XC93cC1jb250ZW50XC91cGxvYWRzXC8yMDIzXC8wNVwvMzQ1NjQxNTg4XzY0NzIxOTY0Mjk0ODA4MThfODIwNjE5Mzk0NzA1MTk3OTU3NV9uLmpwZyIsInNsaWRlc2hvdyI6ImZkZWIwYWEifQ%3D%3D\" href='https:\/\/szekelyfa.hu\/wp-content\/uploads\/2023\/05\/345641588_6472196429480818_8206193947051979575_n.jpg'><img loading=\"lazy\" decoding=\"async\" width=\"150\" height=\"150\" src=\"https:\/\/szekelyfa.hu\/wp-content\/uploads\/2023\/05\/345641588_6472196429480818_8206193947051979575_n-150x150.jpg\" class=\"attachment-thumbnail size-thumbnail\" alt=\"\" \/><\/a>\n\t\t\t<\/div><\/figure><figure class='gallery-item'>\n\t\t\t<div class='gallery-icon portrait'>\n\t\t\t\t<a data-elementor-open-lightbox=\"yes\" data-elementor-lightbox-slideshow=\"fdeb0aa\" data-elementor-lightbox-title=\"344633553_3436968236545552_8117828547895815498_n\" data-e-action-hash=\"#elementor-action%3Aaction%3Dlightbox%26settings%3DeyJpZCI6ODQwLCJ1cmwiOiJodHRwczpcL1wvc3pla2VseWZhLmh1XC93cC1jb250ZW50XC91cGxvYWRzXC8yMDIzXC8wNVwvMzQ0NjMzNTUzXzM0MzY5NjgyMzY1NDU1NTJfODExNzgyODU0Nzg5NTgxNTQ5OF9uLmpwZyIsInNsaWRlc2hvdyI6ImZkZWIwYWEifQ%3D%3D\" href='https:\/\/szekelyfa.hu\/wp-content\/uploads\/2023\/05\/344633553_3436968236545552_8117828547895815498_n.jpg'><img loading=\"lazy\" decoding=\"async\" width=\"150\" height=\"150\" src=\"https:\/\/szekelyfa.hu\/wp-content\/uploads\/2023\/05\/344633553_3436968236545552_8117828547895815498_n-150x150.jpg\" class=\"attachment-thumbnail size-thumbnail\" alt=\"\" \/><\/a>\n\t\t\t<\/div><\/figure>\n\t\t<\/div>\n\t\t<\/div>\n\t\t\t\t\t\t<\/div>\n\t\t\t\t<\/div>\n\t\t\t\t\t<\/div>\n\t\t<\/div>\n\t\t\t\t\t<\/div>\n\t\t<\/section>\n\t\t\t\t<section class=\"elementor-section elementor-top-section elementor-element elementor-element-8712681 elementor-section-boxed elementor-section-height-default elementor-section-height-default\" data-id=\"8712681\" data-element_type=\"section\" data-e-type=\"section\">\n\t\t\t\t\t\t<div class=\"elementor-container elementor-column-gap-default\">\n\t\t\t\t\t<div class=\"elementor-column elementor-col-100 elementor-top-column elementor-element elementor-element-b25575e\" data-id=\"b25575e\" data-element_type=\"column\" data-e-type=\"column\">\n\t\t\t<div class=\"elementor-widget-wrap elementor-element-populated\">\n\t\t\t\t\t\t<div class=\"elementor-element elementor-element-ed1b96b elementor-widget elementor-widget-image-gallery\" data-id=\"ed1b96b\" data-element_type=\"widget\" data-e-type=\"widget\" data-widget_type=\"image-gallery.default\">\n\t\t\t\t<div class=\"elementor-widget-container\">\n\t\t\t\t\t\t\t<div class=\"elementor-image-gallery\">\n\t\t\t<div id='gallery-2' class='gallery galleryid-806 gallery-columns-4 gallery-size-thumbnail'><figure class='gallery-item'>\n\t\t\t<div class='gallery-icon portrait'>\n\t\t\t\t<a data-elementor-open-lightbox=\"yes\" data-elementor-lightbox-slideshow=\"ed1b96b\" data-elementor-lightbox-title=\"e13dc445-c3b1-4c68-8218-ed4e5a2f84a6\" data-e-action-hash=\"#elementor-action%3Aaction%3Dlightbox%26settings%3DeyJpZCI6OTk0LCJ1cmwiOiJodHRwczpcL1wvc3pla2VseWZhLmh1XC93cC1jb250ZW50XC91cGxvYWRzXC8yMDI0XC8wM1wvZTEzZGM0NDUtYzNiMS00YzY4LTgyMTgtZWQ0ZTVhMmY4NGE2LmpwZyIsInNsaWRlc2hvdyI6ImVkMWI5NmIifQ%3D%3D\" href='https:\/\/szekelyfa.hu\/wp-content\/uploads\/2024\/03\/e13dc445-c3b1-4c68-8218-ed4e5a2f84a6.jpg'><img loading=\"lazy\" decoding=\"async\" width=\"150\" height=\"150\" src=\"https:\/\/szekelyfa.hu\/wp-content\/uploads\/2024\/03\/e13dc445-c3b1-4c68-8218-ed4e5a2f84a6-150x150.jpg\" class=\"attachment-thumbnail size-thumbnail\" alt=\"\" \/><\/a>\n\t\t\t<\/div><\/figure><figure class='gallery-item'>\n\t\t\t<div class='gallery-icon landscape'>\n\t\t\t\t<a data-elementor-open-lightbox=\"yes\" data-elementor-lightbox-slideshow=\"ed1b96b\" data-elementor-lightbox-title=\"csere\" data-e-action-hash=\"#elementor-action%3Aaction%3Dlightbox%26settings%3DeyJpZCI6OTkzLCJ1cmwiOiJodHRwczpcL1wvc3pla2VseWZhLmh1XC93cC1jb250ZW50XC91cGxvYWRzXC8yMDI0XC8wM1wvY3NlcmUuanBnIiwic2xpZGVzaG93IjoiZWQxYjk2YiJ9\" href='https:\/\/szekelyfa.hu\/wp-content\/uploads\/2024\/03\/csere.jpg'><img loading=\"lazy\" decoding=\"async\" width=\"150\" height=\"150\" src=\"https:\/\/szekelyfa.hu\/wp-content\/uploads\/2024\/03\/csere-150x150.jpg\" class=\"attachment-thumbnail size-thumbnail\" alt=\"\" srcset=\"https:\/\/szekelyfa.hu\/wp-content\/uploads\/2024\/03\/csere-150x150.jpg 150w, https:\/\/szekelyfa.hu\/wp-content\/uploads\/2024\/03\/csere-300x300.jpg 300w, https:\/\/szekelyfa.hu\/wp-content\/uploads\/2024\/03\/csere-768x768.jpg 768w, https:\/\/szekelyfa.hu\/wp-content\/uploads\/2024\/03\/csere-230x230.jpg 230w, https:\/\/szekelyfa.hu\/wp-content\/uploads\/2024\/03\/csere-350x350.jpg 350w, https:\/\/szekelyfa.hu\/wp-content\/uploads\/2024\/03\/csere-480x480.jpg 480w, https:\/\/szekelyfa.hu\/wp-content\/uploads\/2024\/03\/csere.jpg 843w\" sizes=\"(max-width: 150px) 100vw, 150px\" \/><\/a>\n\t\t\t<\/div><\/figure><figure class='gallery-item'>\n\t\t\t<div class='gallery-icon portrait'>\n\t\t\t\t<a data-elementor-open-lightbox=\"yes\" data-elementor-lightbox-slideshow=\"ed1b96b\" data-elementor-lightbox-title=\"a3cecf1b-822d-4644-a593-ecb33936d902\" data-e-action-hash=\"#elementor-action%3Aaction%3Dlightbox%26settings%3DeyJpZCI6OTkyLCJ1cmwiOiJodHRwczpcL1wvc3pla2VseWZhLmh1XC93cC1jb250ZW50XC91cGxvYWRzXC8yMDI0XC8wM1wvYTNjZWNmMWItODIyZC00NjQ0LWE1OTMtZWNiMzM5MzZkOTAyLmpwZyIsInNsaWRlc2hvdyI6ImVkMWI5NmIifQ%3D%3D\" href='https:\/\/szekelyfa.hu\/wp-content\/uploads\/2024\/03\/a3cecf1b-822d-4644-a593-ecb33936d902.jpg'><img loading=\"lazy\" decoding=\"async\" width=\"150\" height=\"150\" src=\"https:\/\/szekelyfa.hu\/wp-content\/uploads\/2024\/03\/a3cecf1b-822d-4644-a593-ecb33936d902-150x150.jpg\" class=\"attachment-thumbnail size-thumbnail\" alt=\"\" \/><\/a>\n\t\t\t<\/div><\/figure><figure class='gallery-item'>\n\t\t\t<div class='gallery-icon landscape'>\n\t\t\t\t<a data-elementor-open-lightbox=\"yes\" data-elementor-lightbox-slideshow=\"ed1b96b\" data-elementor-lightbox-title=\"988113f0-fa1d-4ffd-bcdd-6d44c02cc4e8\" data-e-action-hash=\"#elementor-action%3Aaction%3Dlightbox%26settings%3DeyJpZCI6OTkxLCJ1cmwiOiJodHRwczpcL1wvc3pla2VseWZhLmh1XC93cC1jb250ZW50XC91cGxvYWRzXC8yMDI0XC8wM1wvOTg4MTEzZjAtZmExZC00ZmZkLWJjZGQtNmQ0NGMwMmNjNGU4LmpwZyIsInNsaWRlc2hvdyI6ImVkMWI5NmIifQ%3D%3D\" href='https:\/\/szekelyfa.hu\/wp-content\/uploads\/2024\/03\/988113f0-fa1d-4ffd-bcdd-6d44c02cc4e8.jpg'><img loading=\"lazy\" decoding=\"async\" width=\"150\" height=\"150\" src=\"https:\/\/szekelyfa.hu\/wp-content\/uploads\/2024\/03\/988113f0-fa1d-4ffd-bcdd-6d44c02cc4e8-150x150.jpg\" class=\"attachment-thumbnail size-thumbnail\" alt=\"\" srcset=\"https:\/\/szekelyfa.hu\/wp-content\/uploads\/2024\/03\/988113f0-fa1d-4ffd-bcdd-6d44c02cc4e8-150x150.jpg 150w, https:\/\/szekelyfa.hu\/wp-content\/uploads\/2024\/03\/988113f0-fa1d-4ffd-bcdd-6d44c02cc4e8-300x300.jpg 300w, https:\/\/szekelyfa.hu\/wp-content\/uploads\/2024\/03\/988113f0-fa1d-4ffd-bcdd-6d44c02cc4e8-1024x1024.jpg 1024w, https:\/\/szekelyfa.hu\/wp-content\/uploads\/2024\/03\/988113f0-fa1d-4ffd-bcdd-6d44c02cc4e8-768x768.jpg 768w, https:\/\/szekelyfa.hu\/wp-content\/uploads\/2024\/03\/988113f0-fa1d-4ffd-bcdd-6d44c02cc4e8-1000x1000.jpg 1000w, https:\/\/szekelyfa.hu\/wp-content\/uploads\/2024\/03\/988113f0-fa1d-4ffd-bcdd-6d44c02cc4e8-230x230.jpg 230w, https:\/\/szekelyfa.hu\/wp-content\/uploads\/2024\/03\/988113f0-fa1d-4ffd-bcdd-6d44c02cc4e8-350x350.jpg 350w, https:\/\/szekelyfa.hu\/wp-content\/uploads\/2024\/03\/988113f0-fa1d-4ffd-bcdd-6d44c02cc4e8-480x480.jpg 480w, https:\/\/szekelyfa.hu\/wp-content\/uploads\/2024\/03\/988113f0-fa1d-4ffd-bcdd-6d44c02cc4e8.jpg 1440w\" sizes=\"(max-width: 150px) 100vw, 150px\" \/><\/a>\n\t\t\t<\/div><\/figure><figure class='gallery-item'>\n\t\t\t<div class='gallery-icon landscape'>\n\t\t\t\t<a data-elementor-open-lightbox=\"yes\" data-elementor-lightbox-slideshow=\"ed1b96b\" data-elementor-lightbox-title=\"89510f35-74a2-423a-9f9f-0acb08dcb117\" data-e-action-hash=\"#elementor-action%3Aaction%3Dlightbox%26settings%3DeyJpZCI6OTkwLCJ1cmwiOiJodHRwczpcL1wvc3pla2VseWZhLmh1XC93cC1jb250ZW50XC91cGxvYWRzXC8yMDI0XC8wM1wvODk1MTBmMzUtNzRhMi00MjNhLTlmOWYtMGFjYjA4ZGNiMTE3LmpwZyIsInNsaWRlc2hvdyI6ImVkMWI5NmIifQ%3D%3D\" href='https:\/\/szekelyfa.hu\/wp-content\/uploads\/2024\/03\/89510f35-74a2-423a-9f9f-0acb08dcb117.jpg'><img loading=\"lazy\" decoding=\"async\" width=\"150\" height=\"150\" src=\"https:\/\/szekelyfa.hu\/wp-content\/uploads\/2024\/03\/89510f35-74a2-423a-9f9f-0acb08dcb117-150x150.jpg\" class=\"attachment-thumbnail size-thumbnail\" alt=\"\" \/><\/a>\n\t\t\t<\/div><\/figure><figure class='gallery-item'>\n\t\t\t<div class='gallery-icon landscape'>\n\t\t\t\t<a data-elementor-open-lightbox=\"yes\" data-elementor-lightbox-slideshow=\"ed1b96b\" data-elementor-lightbox-title=\"98add32f-d494-4f9b-9c57-36f01d8618fa\" data-e-action-hash=\"#elementor-action%3Aaction%3Dlightbox%26settings%3DeyJpZCI6OTg4LCJ1cmwiOiJodHRwczpcL1wvc3pla2VseWZhLmh1XC93cC1jb250ZW50XC91cGxvYWRzXC8yMDI0XC8wM1wvOThhZGQzMmYtZDQ5NC00ZjliLTljNTctMzZmMDFkODYxOGZhLmpwZyIsInNsaWRlc2hvdyI6ImVkMWI5NmIifQ%3D%3D\" href='https:\/\/szekelyfa.hu\/wp-content\/uploads\/2024\/03\/98add32f-d494-4f9b-9c57-36f01d8618fa.jpg'><img loading=\"lazy\" decoding=\"async\" width=\"150\" height=\"150\" src=\"https:\/\/szekelyfa.hu\/wp-content\/uploads\/2024\/03\/98add32f-d494-4f9b-9c57-36f01d8618fa-150x150.jpg\" class=\"attachment-thumbnail size-thumbnail\" alt=\"\" srcset=\"https:\/\/szekelyfa.hu\/wp-content\/uploads\/2024\/03\/98add32f-d494-4f9b-9c57-36f01d8618fa-150x150.jpg 150w, https:\/\/szekelyfa.hu\/wp-content\/uploads\/2024\/03\/98add32f-d494-4f9b-9c57-36f01d8618fa-300x300.jpg 300w, https:\/\/szekelyfa.hu\/wp-content\/uploads\/2024\/03\/98add32f-d494-4f9b-9c57-36f01d8618fa-1024x1024.jpg 1024w, https:\/\/szekelyfa.hu\/wp-content\/uploads\/2024\/03\/98add32f-d494-4f9b-9c57-36f01d8618fa-768x768.jpg 768w, https:\/\/szekelyfa.hu\/wp-content\/uploads\/2024\/03\/98add32f-d494-4f9b-9c57-36f01d8618fa-1000x1000.jpg 1000w, https:\/\/szekelyfa.hu\/wp-content\/uploads\/2024\/03\/98add32f-d494-4f9b-9c57-36f01d8618fa-230x230.jpg 230w, https:\/\/szekelyfa.hu\/wp-content\/uploads\/2024\/03\/98add32f-d494-4f9b-9c57-36f01d8618fa-350x350.jpg 350w, https:\/\/szekelyfa.hu\/wp-content\/uploads\/2024\/03\/98add32f-d494-4f9b-9c57-36f01d8618fa-480x480.jpg 480w, https:\/\/szekelyfa.hu\/wp-content\/uploads\/2024\/03\/98add32f-d494-4f9b-9c57-36f01d8618fa.jpg 1440w\" sizes=\"(max-width: 150px) 100vw, 150px\" \/><\/a>\n\t\t\t<\/div><\/figure>\n\t\t<\/div>\n\t\t<\/div>\n\t\t\t\t\t\t<\/div>\n\t\t\t\t<\/div>\n\t\t\t\t\t<\/div>\n\t\t<\/div>\n\t\t\t\t\t<\/div>\n\t\t<\/section>\n\t\t\t\t<\/div>\n\t\t","protected":false},"excerpt":{"rendered":"<p>D\u00e9zs\u00e1k minden m\u00e9retben \u00e9s vari\u00e1ci\u00f3ban k\u00e9rhet\u0151k.<\/p>\n","protected":false},"author":1,"featured_media":0,"parent":0,"menu_order":0,"comment_status":"closed","ping_status":"closed","template":"","meta":{"_monsterinsights_skip_tracking":false,"_monsterinsights_sitenote_active":false,"_monsterinsights_sitenote_note":"","_monsterinsights_sitenote_category":0,"footnotes":""},"class_list":["post-806","page","type-page","status-publish","hentry"],"_links":{"self":[{"href":"https:\/\/szekelyfa.hu\/index.php\/wp-json\/wp\/v2\/pages\/806","targetHints":{"allow":["GET"]}}],"collection":[{"href":"https:\/\/szekelyfa.hu\/index.php\/wp-json\/wp\/v2\/pages"}],"about":[{"href":"https:\/\/szekelyfa.hu\/index.php\/wp-json\/wp\/v2\/types\/page"}],"author":[{"embeddable":true,"href":"https:\/\/szekelyfa.hu\/index.php\/wp-json\/wp\/v2\/users\/1"}],"replies":[{"embeddable":true,"href":"https:\/\/szekelyfa.hu\/index.php\/wp-json\/wp\/v2\/comments?post=806"}],"version-history":[{"count":8,"href":"https:\/\/szekelyfa.hu\/index.php\/wp-json\/wp\/v2\/pages\/806\/revisions"}],"predecessor-version":[{"id":1001,"href":"https:\/\/szekelyfa.hu\/index.php\/wp-json\/wp\/v2\/pages\/806\/revisions\/1001"}],"wp:attachment":[{"href":"https:\/\/szekelyfa.hu\/index.php\/wp-json\/wp\/v2\/media?parent=806"}],"curies":[{"name":"wp","href":"https:\/\/api.w.org\/{rel}","templated":true}]}}