{"id":401,"date":"2021-11-01T11:30:50","date_gmt":"2021-11-01T09:30:50","guid":{"rendered":"https:\/\/demo.athemes.com\/sydney-main\/?page_id=401"},"modified":"2023-05-12T11:18:53","modified_gmt":"2023-05-12T09:18:53","slug":"rolunk","status":"publish","type":"page","link":"https:\/\/szekelyfa.hu\/index.php\/rolunk\/","title":{"rendered":"R\u00f3lunk"},"content":{"rendered":"\t\t<div data-elementor-type=\"wp-page\" data-elementor-id=\"401\" class=\"elementor elementor-401\">\n\t\t\t\t\t\t<section class=\"elementor-section elementor-top-section elementor-element elementor-element-eedafb9 elementor-section-content-middle elementor-section-boxed elementor-section-height-default elementor-section-height-default\" data-id=\"eedafb9\" data-element_type=\"section\" data-e-type=\"section\">\n\t\t\t\t\t\t<div class=\"elementor-container elementor-column-gap-default\">\n\t\t\t\t\t<div class=\"elementor-column elementor-col-50 elementor-top-column elementor-element elementor-element-571508b\" data-id=\"571508b\" data-element_type=\"column\" data-e-type=\"column\">\n\t\t\t<div class=\"elementor-widget-wrap elementor-element-populated\">\n\t\t\t\t\t\t<div class=\"elementor-element elementor-element-fb80230 elementor-widget__width-initial elementor-widget elementor-widget-heading\" data-id=\"fb80230\" data-element_type=\"widget\" data-e-type=\"widget\" data-widget_type=\"heading.default\">\n\t\t\t\t<div class=\"elementor-widget-container\">\n\t\t\t\t\t<h6 class=\"elementor-heading-title elementor-size-default\"><p class=\"MsoNormal\"><span style=\"font-size:11.5pt;line-height:107%;,serif;color:#1C1E21\">K\u00f6zel egy \u00e9vtizede k\u00e9sz\u00edt\u00fcnk d\u00e9zsa f\u00fcrd\u0151ket, szaun\u00e1kat,\nkerti\/lak\u00e1s \u00e9s tantra b\u00fatorokat. k\u00fcl\u00f6nb\u00f6z\u0151 fa alapanyagok haszn\u00e1lat\u00e1val, saj\u00e1tos\nmegmunk\u00e1l\u00e1si \u00e9s szerel\u00e9si technol\u00f3gi\u00e1val, megmaradva az el\u0151djeink k\u00e9zm\u0171ves\ntechnol\u00f3gi\u00e1ja mellett \u00e9s k\u00f6vetve a t\u00e1rsadalmi fejl\u0151d\u00e9si ir\u00e1nyokat is.<\/span><\/p>\n\n<p class=\"MsoNormal\"><span style=\"font-size:11.5pt;line-height:107%;,serif;color:#1C1E21\">D\u00e9zsa f\u00fcrd\u0151ink \u00e9s szaunaink kiz\u00e1r\u00f3lag feny\u0151b\u0151l k\u00e9sz\u00fclnek\n(szib\u00e9riai luc , borovi&nbsp; \u00e9s v\u00f6r\u00f6sfeny\u0151).<\/span><\/p>\n\n<p class=\"MsoNormal\"><br><\/p><\/h6>\t\t\t\t<\/div>\n\t\t\t\t<\/div>\n\t\t\t\t\t<\/div>\n\t\t<\/div>\n\t\t\t\t<div class=\"elementor-column elementor-col-50 elementor-top-column elementor-element elementor-element-bc4d4c0\" data-id=\"bc4d4c0\" data-element_type=\"column\" data-e-type=\"column\">\n\t\t\t<div class=\"elementor-widget-wrap elementor-element-populated\">\n\t\t\t\t\t\t<div class=\"elementor-element elementor-element-48dd569 elementor-widget elementor-widget-image\" data-id=\"48dd569\" data-element_type=\"widget\" data-e-type=\"widget\" data-widget_type=\"image.default\">\n\t\t\t\t<div class=\"elementor-widget-container\">\n\t\t\t\t\t\t\t\t\t\t\t\t\t\t\t<img fetchpriority=\"high\" decoding=\"async\" width=\"1024\" height=\"1024\" src=\"https:\/\/szekelyfa.hu\/wp-content\/uploads\/2023\/05\/318947742_529812372404291_572962360717727544_n-1024x1024.jpg\" class=\"attachment-large size-large wp-image-834\" alt=\"\" srcset=\"https:\/\/szekelyfa.hu\/wp-content\/uploads\/2023\/05\/318947742_529812372404291_572962360717727544_n-1024x1024.jpg 1024w, https:\/\/szekelyfa.hu\/wp-content\/uploads\/2023\/05\/318947742_529812372404291_572962360717727544_n-300x300.jpg 300w, https:\/\/szekelyfa.hu\/wp-content\/uploads\/2023\/05\/318947742_529812372404291_572962360717727544_n-150x150.jpg 150w, https:\/\/szekelyfa.hu\/wp-content\/uploads\/2023\/05\/318947742_529812372404291_572962360717727544_n-768x768.jpg 768w, https:\/\/szekelyfa.hu\/wp-content\/uploads\/2023\/05\/318947742_529812372404291_572962360717727544_n-1000x1000.jpg 1000w, https:\/\/szekelyfa.hu\/wp-content\/uploads\/2023\/05\/318947742_529812372404291_572962360717727544_n-230x230.jpg 230w, https:\/\/szekelyfa.hu\/wp-content\/uploads\/2023\/05\/318947742_529812372404291_572962360717727544_n-350x350.jpg 350w, https:\/\/szekelyfa.hu\/wp-content\/uploads\/2023\/05\/318947742_529812372404291_572962360717727544_n-480x480.jpg 480w, https:\/\/szekelyfa.hu\/wp-content\/uploads\/2023\/05\/318947742_529812372404291_572962360717727544_n.jpg 1080w\" sizes=\"(max-width: 1024px) 100vw, 1024px\" \/>\t\t\t\t\t\t\t\t\t\t\t\t\t\t\t<\/div>\n\t\t\t\t<\/div>\n\t\t\t\t\t<\/div>\n\t\t<\/div>\n\t\t\t\t\t<\/div>\n\t\t<\/section>\n\t\t\t\t<section class=\"elementor-section elementor-top-section elementor-element elementor-element-cf5ff21 elementor-section-content-middle elementor-section-boxed elementor-section-height-default elementor-section-height-default\" data-id=\"cf5ff21\" data-element_type=\"section\" data-e-type=\"section\" data-settings=\"{&quot;background_background&quot;:&quot;classic&quot;}\">\n\t\t\t\t\t\t<div class=\"elementor-container elementor-column-gap-default\">\n\t\t\t\t\t<div class=\"elementor-column elementor-col-50 elementor-top-column elementor-element elementor-element-c35989b\" data-id=\"c35989b\" data-element_type=\"column\" data-e-type=\"column\">\n\t\t\t<div class=\"elementor-widget-wrap elementor-element-populated\">\n\t\t\t\t\t\t<div class=\"elementor-element elementor-element-33e3b28 elementor-widget elementor-widget-image\" data-id=\"33e3b28\" data-element_type=\"widget\" data-e-type=\"widget\" data-widget_type=\"image.default\">\n\t\t\t\t<div class=\"elementor-widget-container\">\n\t\t\t\t\t\t\t\t\t\t\t\t\t\t\t<img decoding=\"async\" width=\"720\" height=\"513\" src=\"https:\/\/szekelyfa.hu\/wp-content\/uploads\/2023\/05\/329957596_856226005661656_5709004694668415869_n-1.jpg\" class=\"attachment-large size-large wp-image-845\" alt=\"\" srcset=\"https:\/\/szekelyfa.hu\/wp-content\/uploads\/2023\/05\/329957596_856226005661656_5709004694668415869_n-1.jpg 720w, https:\/\/szekelyfa.hu\/wp-content\/uploads\/2023\/05\/329957596_856226005661656_5709004694668415869_n-1-300x214.jpg 300w, https:\/\/szekelyfa.hu\/wp-content\/uploads\/2023\/05\/329957596_856226005661656_5709004694668415869_n-1-230x164.jpg 230w, https:\/\/szekelyfa.hu\/wp-content\/uploads\/2023\/05\/329957596_856226005661656_5709004694668415869_n-1-350x249.jpg 350w, https:\/\/szekelyfa.hu\/wp-content\/uploads\/2023\/05\/329957596_856226005661656_5709004694668415869_n-1-480x342.jpg 480w\" sizes=\"(max-width: 720px) 100vw, 720px\" \/>\t\t\t\t\t\t\t\t\t\t\t\t\t\t\t<\/div>\n\t\t\t\t<\/div>\n\t\t\t\t\t<\/div>\n\t\t<\/div>\n\t\t\t\t<div class=\"elementor-column elementor-col-50 elementor-top-column elementor-element elementor-element-9d8f192\" data-id=\"9d8f192\" data-element_type=\"column\" data-e-type=\"column\">\n\t\t\t<div class=\"elementor-widget-wrap elementor-element-populated\">\n\t\t\t\t\t\t<div class=\"elementor-element elementor-element-6811c22 elementor-widget elementor-widget-text-editor\" data-id=\"6811c22\" data-element_type=\"widget\" data-e-type=\"widget\" data-widget_type=\"text-editor.default\">\n\t\t\t\t<div class=\"elementor-widget-container\">\n\t\t\t\t\t\t\t\t\t<p><span style=\"color: #1c1e21; font-family: 'inherit', serif; font-size: 15.3333px; font-weight: 600; letter-spacing: 1px; text-transform: uppercase; white-space: pre-wrap; background-color: #ffffff;\">KERTI \u00c9S LAK\u00c1S B\u00daTORAINK SZ\u00c9LESEBB FAFAJTA SK\u00c1L\u00c1N MOZOGNAK A NY\u00c1RF\u00c1T\u00d3L A DI\u00d3IG SZINTE B\u00c1RMILYEN FA FAJT\u00c1B\u00d3L TANTRA\/BDSM B\u00daTORAINKKAL T\u00d6BBNYIRE EGYEDI IG\u00c9NYEKET EL\u00c9G\u00cdT\u00dcNK KI. KEM\u00c9NYFA ALAPANYAG-SZ\u00d6VET\/B\u0150R\/M\u0170B\u0150R K\u00c1RPITOZ\u00c1SSAL, F\u00c9M \u00c9S AC\u00c9L SZERKEZET HASZN\u00c1LATA MELLETT IS LEHETS\u00c9GES.<\/span><\/p>\t\t\t\t\t\t\t\t<\/div>\n\t\t\t\t<\/div>\n\t\t\t\t\t<\/div>\n\t\t<\/div>\n\t\t\t\t\t<\/div>\n\t\t<\/section>\n\t\t\t\t<section class=\"elementor-section elementor-top-section elementor-element elementor-element-cfed380 elementor-section-content-middle elementor-section-boxed elementor-section-height-default elementor-section-height-default\" data-id=\"cfed380\" data-element_type=\"section\" data-e-type=\"section\" data-settings=\"{&quot;background_background&quot;:&quot;classic&quot;}\">\n\t\t\t\t\t\t<div class=\"elementor-container elementor-column-gap-default\">\n\t\t\t\t\t<div class=\"elementor-column elementor-col-50 elementor-top-column elementor-element elementor-element-d8fac92\" data-id=\"d8fac92\" data-element_type=\"column\" data-e-type=\"column\">\n\t\t\t<div class=\"elementor-widget-wrap elementor-element-populated\">\n\t\t\t\t\t\t<div class=\"elementor-element elementor-element-ea4173f elementor-widget elementor-widget-heading\" data-id=\"ea4173f\" data-element_type=\"widget\" data-e-type=\"widget\" data-widget_type=\"heading.default\">\n\t\t\t\t<div class=\"elementor-widget-container\">\n\t\t\t\t\t<h2 class=\"elementor-heading-title elementor-size-default\"><span style=\"white-space: normal\">Van valami b\u00fator vagy f\u00fcrd\u0151 \u00f6tlete? L\u00e9pjen kapcsolatba vel\u00fcnk.<\/span><\/h2>\t\t\t\t<\/div>\n\t\t\t\t<\/div>\n\t\t\t\t\t<\/div>\n\t\t<\/div>\n\t\t\t\t<div class=\"elementor-column elementor-col-50 elementor-top-column elementor-element elementor-element-7aa5769\" data-id=\"7aa5769\" data-element_type=\"column\" data-e-type=\"column\">\n\t\t\t<div class=\"elementor-widget-wrap elementor-element-populated\">\n\t\t\t\t\t\t<div class=\"elementor-element elementor-element-9c6e3e1 elementor-align-right elementor-mobile-align-center elementor-widget elementor-widget-button\" data-id=\"9c6e3e1\" data-element_type=\"widget\" data-e-type=\"widget\" data-widget_type=\"button.default\">\n\t\t\t\t<div class=\"elementor-widget-container\">\n\t\t\t\t\t\t\t\t\t<div class=\"elementor-button-wrapper\">\n\t\t\t\t\t<a class=\"elementor-button elementor-button-link elementor-size-sm\" href=\"\/index.php\/kapcsolat\/\">\n\t\t\t\t\t\t<span class=\"elementor-button-content-wrapper\">\n\t\t\t\t\t\t\t\t\t<span class=\"elementor-button-text\">Kapcsolat<\/span>\n\t\t\t\t\t<\/span>\n\t\t\t\t\t<\/a>\n\t\t\t\t<\/div>\n\t\t\t\t\t\t\t\t<\/div>\n\t\t\t\t<\/div>\n\t\t\t\t\t<\/div>\n\t\t<\/div>\n\t\t\t\t\t<\/div>\n\t\t<\/section>\n\t\t\t\t<\/div>\n\t\t","protected":false},"excerpt":{"rendered":"<p>K\u00f6zel egy \u00e9vtizede k\u00e9sz\u00edt\u00fcnk d\u00e9zsa f\u00fcrd\u0151ket, szaun\u00e1kat, kerti\/lak\u00e1s \u00e9s tantra b\u00fatorokat. k\u00fcl\u00f6nb\u00f6z\u0151 fa alapanyagok haszn\u00e1lat\u00e1val, saj\u00e1tos megmunk\u00e1l\u00e1si \u00e9s szerel\u00e9si technol\u00f3gi\u00e1val, megmaradva az [&hellip;]<\/p>\n","protected":false},"author":1,"featured_media":0,"parent":0,"menu_order":0,"comment_status":"closed","ping_status":"closed","template":"page-templates\/page_front-page.php","meta":{"_monsterinsights_skip_tracking":false,"_monsterinsights_sitenote_active":false,"_monsterinsights_sitenote_note":"","_monsterinsights_sitenote_category":0,"footnotes":""},"class_list":["post-401","page","type-page","status-publish","hentry"],"_links":{"self":[{"href":"https:\/\/szekelyfa.hu\/index.php\/wp-json\/wp\/v2\/pages\/401","targetHints":{"allow":["GET"]}}],"collection":[{"href":"https:\/\/szekelyfa.hu\/index.php\/wp-json\/wp\/v2\/pages"}],"about":[{"href":"https:\/\/szekelyfa.hu\/index.php\/wp-json\/wp\/v2\/types\/page"}],"author":[{"embeddable":true,"href":"https:\/\/szekelyfa.hu\/index.php\/wp-json\/wp\/v2\/users\/1"}],"replies":[{"embeddable":true,"href":"https:\/\/szekelyfa.hu\/index.php\/wp-json\/wp\/v2\/comments?post=401"}],"version-history":[{"count":19,"href":"https:\/\/szekelyfa.hu\/index.php\/wp-json\/wp\/v2\/pages\/401\/revisions"}],"predecessor-version":[{"id":905,"href":"https:\/\/szekelyfa.hu\/index.php\/wp-json\/wp\/v2\/pages\/401\/revisions\/905"}],"wp:attachment":[{"href":"https:\/\/szekelyfa.hu\/index.php\/wp-json\/wp\/v2\/media?parent=401"}],"curies":[{"name":"wp","href":"https:\/\/api.w.org\/{rel}","templated":true}]}}