{"id":1038,"date":"2025-05-04T18:34:13","date_gmt":"2025-05-04T17:34:13","guid":{"rendered":"https:\/\/szekelyfa.hu\/?page_id=1038"},"modified":"2025-05-04T18:34:00","modified_gmt":"2025-05-04T17:34:00","slug":"altalanos-szerzodesi-feltetelek","status":"publish","type":"page","link":"https:\/\/szekelyfa.hu\/index.php\/altalanos-szerzodesi-feltetelek\/","title":{"rendered":"\u00c1ltal\u00e1nos Szerz\u0151d\u00e9si Felt\u00e9telek"},"content":{"rendered":"\n<p>A szerz\u0151d\u0151 f\u00e9lek meg\u00e1llapodnak egy a hagyom\u00e1nyos m\u00f3don elk\u00e9sz\u00edtett term\u00e9k (dezsaf\u00fcrd\u0151,szauna)legy\u00e1rt\u00e1s\u00e1ban.<\/p>\n\n\n\n<p> A megrendel\u0151 tudat\u00e1ban van annak,hogy a term\u00e9k a lesz\u00e1ll\u00edtast kovet\u0151en be\u00fczemel\u00e9st ig\u00e9nyel a haszn\u00e1lathoz. Dezsaf\u00fcrd\u0151 eset\u00e9ben a telep\u00edt\u00e9s(*hely,ter\u00fclet \u00e9s szintk\u00fcl\u00f6mbs\u00e9g,valamint akad\u00e1ly f\u00fcgg\u0151,ker\u00edt\u00e9s,korl\u00e1t,terasz stb)k\u00f6vet\u0151en napokig,s\u0151t hetekig sziv\u00e1roghat. <\/p>\n\n\n\n<p>D\u00e9zsaf\u00fcrd\u0151 eset\u00e9ben az elsziv\u00e1rgott v\u00edzmennyis\u00e9g p\u00f3tl\u00e1sa elengedhetetlen,ellenkez\u0151 esetben a term\u00e9k mentes\u00fcl a garancia al\u00f3l. <\/p>\n\n\n\n<p><strong>A K\u00c9SZ\u00cdT\u0150 NEM V\u00c1LLAL FELEL\u0150SS\u00c9GET A TERM\u00c9K FENTEBB LEIRT ,TELEP\u00cdT\u00c9SB\u0150L AD\u00d3D\u00d3 PROBL\u00c9MAK MIATT. <\/strong><\/p>\n\n\n\n<p>A megrendel\u0151nek jog\u00e1ban \u00e1ll \u00e9rv\u00e9nyes\u00edteni a garanci\u00e1lis probl\u00e9m\u00e1kat,kiv\u00e9tel,ha ezek a probl\u00e9m\u00e1k a haszn\u00e1lati utas\u00edt\u00e1s be nem tart\u00e1s\u00e1b\u00f3l fakadnak. A k\u00e9sz\u00edt\u0151 k\u00f6teles kijav\u00edtani a term\u00e9ket ha az hib\u00e1s \u00e9s haszn\u00e1lhatatlan mindaddig am\u00edg a megrendel\u0151 a haszn\u00e1lati utas\u00edt\u00e1s minden pontj\u00e1t betartja \u00e9s alkalmazza. Amennyiben a megrendel\u0151 ezt figyelmen k\u00edv\u00fcl hagyja, a k\u00e9sz\u00edt\u0151 tov\u00e1bbi felel\u0151ss\u00e9get nem v\u00e1llal a term\u00e9kre. A megrendel\u0151nek jog\u00e1ban \u00e1ll el \u00e1llni a megb\u00edz\u00e1s\u00e1b\u00f3l, amennyiben a megrendelt term\u00e9k nem az egyedi ig\u00e9nyeit el\u00e9g\u00edti ki(a term\u00e9k m\u00e9rete,szine,felszerelts\u00e9ge) a k\u00e9sz\u00edt\u0151 k\u00f6teles a sz\u00f3ban forg\u00f3 term\u00e9ket 30 napon bel\u00fcl visszav\u00e1s\u00e1rolni a megrendel\u0151t\u00f6l, amennyiben a term\u00e9k hib\u00e1s \u00e9s nem a megrendel\u0151 egyedi ig\u00e9nye szerint k\u00e9sz\u00fclt. A k\u00e9sz\u00edt\u0151 k\u00f6teles a term\u00e9k visszav\u00e1s\u00e1rl\u00e1s\u00e1ra abban az esetben is, ha a sz\u00f3ban forg\u00f3 term\u00e9k nem egyezik meg a megrendel\u0151 \u00e1ltal adott egyedi param\u00e9tereknek.<\/p>\n\n\n\n<p>A weboldalunk c\u00edme: <a href=\"https:\/\/szekelyfa.hu\" title=\"\">https:\/\/szekelyfa.hu<\/a><\/p>\n\n\n\n<p><strong>Nyilv\u00e1ntart\u00e1si sz\u00e1m: 57707679<br>Ad\u00f3sz\u00e1m: 59659163-1-33<\/strong><\/p>\n\n\n\n<p><strong>Statisztikai sz\u00e1mjel: 59659163821123113<\/strong><br><strong>Sz\u00e9khely\u00fcnk: MAGYARORSZ\u00c1G,&nbsp;2300&nbsp;R\u00c1CKEVE&nbsp;SZ\u00c9CHENYI&nbsp;UTCA&nbsp;48.&nbsp;&nbsp;<\/strong><\/p>\n","protected":false},"excerpt":{"rendered":"<p>A szerz\u0151d\u0151 f\u00e9lek meg\u00e1llapodnak egy a hagyom\u00e1nyos m\u00f3don elk\u00e9sz\u00edtett term\u00e9k (dezsaf\u00fcrd\u0151,szauna)legy\u00e1rt\u00e1s\u00e1ban. A megrendel\u0151 tudat\u00e1ban van annak,hogy a term\u00e9k a lesz\u00e1ll\u00edtast kovet\u0151en be\u00fczemel\u00e9st [&hellip;]<\/p>\n","protected":false},"author":1,"featured_media":0,"parent":0,"menu_order":0,"comment_status":"closed","ping_status":"closed","template":"","meta":{"_monsterinsights_skip_tracking":false,"_monsterinsights_sitenote_active":false,"_monsterinsights_sitenote_note":"","_monsterinsights_sitenote_category":0,"footnotes":""},"class_list":["post-1038","page","type-page","status-publish","hentry"],"_links":{"self":[{"href":"https:\/\/szekelyfa.hu\/index.php\/wp-json\/wp\/v2\/pages\/1038","targetHints":{"allow":["GET"]}}],"collection":[{"href":"https:\/\/szekelyfa.hu\/index.php\/wp-json\/wp\/v2\/pages"}],"about":[{"href":"https:\/\/szekelyfa.hu\/index.php\/wp-json\/wp\/v2\/types\/page"}],"author":[{"embeddable":true,"href":"https:\/\/szekelyfa.hu\/index.php\/wp-json\/wp\/v2\/users\/1"}],"replies":[{"embeddable":true,"href":"https:\/\/szekelyfa.hu\/index.php\/wp-json\/wp\/v2\/comments?post=1038"}],"version-history":[{"count":1,"href":"https:\/\/szekelyfa.hu\/index.php\/wp-json\/wp\/v2\/pages\/1038\/revisions"}],"predecessor-version":[{"id":1040,"href":"https:\/\/szekelyfa.hu\/index.php\/wp-json\/wp\/v2\/pages\/1038\/revisions\/1040"}],"wp:attachment":[{"href":"https:\/\/szekelyfa.hu\/index.php\/wp-json\/wp\/v2\/media?parent=1038"}],"curies":[{"name":"wp","href":"https:\/\/api.w.org\/{rel}","templated":true}]}}