{"id":1016,"date":"2024-05-23T10:07:29","date_gmt":"2024-05-23T09:07:29","guid":{"rendered":"https:\/\/szekelyfa.hu\/?page_id=1016"},"modified":"2024-06-26T10:56:05","modified_gmt":"2024-06-26T09:56:05","slug":"letoltheto-hasznalati-utmutatoink","status":"publish","type":"page","link":"https:\/\/szekelyfa.hu\/index.php\/letoltheto-hasznalati-utmutatoink\/","title":{"rendered":"Let\u00f6lthet\u0151 Haszn\u00e1lati \u00fatmutat\u00f3ink"},"content":{"rendered":"\n<p><a href=\"https:\/\/szekelyfa.hu\/wp-content\/uploads\/2024\/06\/DEZSAFURDO-HASZNALATI-UTMUTATO-2.pdf\" title=\"\">F\u00dcRD\u0150D\u00c9ZSA HASZN\u00c1LATI \u00daTMUTAT\u00d3<\/a><\/p>\n\n\n\n<p><a href=\"https:\/\/szekelyfa.hu\/wp-content\/uploads\/2024\/05\/Szauna-Hasznalati-utmutato.pdf\" title=\"\">SZAUNA HASZN\u00c1LATI \u00daTMUTAT\u00d3<\/a><\/p>\n","protected":false},"excerpt":{"rendered":"<p>F\u00dcRD\u0150D\u00c9ZSA HASZN\u00c1LATI \u00daTMUTAT\u00d3 SZAUNA HASZN\u00c1LATI \u00daTMUTAT\u00d3<\/p>\n","protected":false},"author":1,"featured_media":0,"parent":0,"menu_order":0,"comment_status":"closed","ping_status":"closed","template":"","meta":{"_monsterinsights_skip_tracking":false,"_monsterinsights_sitenote_active":false,"_monsterinsights_sitenote_note":"","_monsterinsights_sitenote_category":0,"footnotes":""},"class_list":["post-1016","page","type-page","status-publish","hentry"],"_links":{"self":[{"href":"https:\/\/szekelyfa.hu\/index.php\/wp-json\/wp\/v2\/pages\/1016","targetHints":{"allow":["GET"]}}],"collection":[{"href":"https:\/\/szekelyfa.hu\/index.php\/wp-json\/wp\/v2\/pages"}],"about":[{"href":"https:\/\/szekelyfa.hu\/index.php\/wp-json\/wp\/v2\/types\/page"}],"author":[{"embeddable":true,"href":"https:\/\/szekelyfa.hu\/index.php\/wp-json\/wp\/v2\/users\/1"}],"replies":[{"embeddable":true,"href":"https:\/\/szekelyfa.hu\/index.php\/wp-json\/wp\/v2\/comments?post=1016"}],"version-history":[{"count":2,"href":"https:\/\/szekelyfa.hu\/index.php\/wp-json\/wp\/v2\/pages\/1016\/revisions"}],"predecessor-version":[{"id":1035,"href":"https:\/\/szekelyfa.hu\/index.php\/wp-json\/wp\/v2\/pages\/1016\/revisions\/1035"}],"wp:attachment":[{"href":"https:\/\/szekelyfa.hu\/index.php\/wp-json\/wp\/v2\/media?parent=1016"}],"curies":[{"name":"wp","href":"https:\/\/api.w.org\/{rel}","templated":true}]}}